{"id":130,"date":"2014-09-30T19:12:18","date_gmt":"2014-09-30T18:12:18","guid":{"rendered":"http:\/\/corinneboureau.nl.server18.firstfind.nl\/?page_id=130"},"modified":"2016-11-09T11:01:13","modified_gmt":"2016-11-09T10:01:13","slug":"links","status":"publish","type":"page","link":"https:\/\/corinneboureau.nl\/en\/links\/","title":{"rendered":"Links"},"content":{"rendered":"<div class=\"flex_column av_one_half  flex_column_div first  avia-builder-el-0  el_before_av_one_half  avia-builder-el-first  \" ><article class=\"iconbox iconbox_left    avia-builder-el-1  avia-builder-el-no-sibling  \"  itemscope=\"itemscope\" itemtype=\"https:\/\/schema.org\/CreativeWork\" ><div class=\"iconbox_content\"><header class=\"entry-content-header\"><a href='http:\/\/www.silvereboureau.com\/' title='Silvere Boureau'  target=\"_blank\"  class=\"iconbox_icon heading-color \" aria-hidden='true' data-av_icon='\ue80a' data-av_iconfont='entypo-fontello'  ><\/a><h3 class='iconbox_content_title '  itemprop=\"headline\"  ><a href='http:\/\/www.silvereboureau.com\/' title='Silvere Boureau'  target=\"_blank\" >Silvere Boureau<\/a><\/h3><\/header><div class='iconbox_content_container  '  itemprop=\"text\"  ><p>&#8220;A talented painter who discoved the American landscape&#8230;&#8221;<\/p>\n<\/div><\/div><footer class=\"entry-footer\"><\/footer><\/article><\/div>\n<div class=\"flex_column av_one_half  flex_column_div av-zero-column-padding   avia-builder-el-2  el_after_av_one_half  el_before_av_one_half  \" style='border-radius:0px; '><article class=\"iconbox iconbox_left    avia-builder-el-3  avia-builder-el-no-sibling  \"  itemscope=\"itemscope\" itemtype=\"https:\/\/schema.org\/CreativeWork\" ><div class=\"iconbox_content\"><header class=\"entry-content-header\"><a href='http:\/\/trioleo.free.fr\/' title='Gaelle Boureau'  target=\"_blank\"  class=\"iconbox_icon heading-color \" aria-hidden='true' data-av_icon='\ue80a' data-av_iconfont='entypo-fontello'  ><\/a><h3 class='iconbox_content_title '  itemprop=\"headline\"  ><a href='http:\/\/trioleo.free.fr\/' title='Gaelle Boureau'  target=\"_blank\" >Gaelle Boureau<\/a><\/h3><\/header><div class='iconbox_content_container  '  itemprop=\"text\"  ><p>&#8221; Metteure en sc\u00e8ne, com\u00e9dienne, \u00e9crivain, explore le langage de l&#8217;imaginaire&#8230;&#8221;<\/p>\n<\/div><\/div><footer class=\"entry-footer\"><\/footer><\/article><\/div>\n<div class=\"flex_column av_one_half  flex_column_div first  avia-builder-el-4  el_after_av_one_half  el_before_av_one_half  column-top-margin\" ><article class=\"iconbox iconbox_left    avia-builder-el-5  avia-builder-el-no-sibling  \"  itemscope=\"itemscope\" itemtype=\"https:\/\/schema.org\/CreativeWork\" ><div class=\"iconbox_content\"><header class=\"entry-content-header\"><a href='http:\/\/www.amazon.fr\/idiot-sorci%C3%A8re-ciels-bleus-verts\/dp\/2848715553\/ref=sr_1_1?s=books&amp;ie=UTF8&amp;qid=1383144204&amp;sr=1-1&amp;keywords=martine+pannequin' title='Martine Boureau - Pannequin , schrijver'  target=\"_blank\"  class=\"iconbox_icon heading-color \" aria-hidden='true' data-av_icon='\ue80a' data-av_iconfont='entypo-fontello'  ><\/a><h3 class='iconbox_content_title '  itemprop=\"headline\"  ><a href='http:\/\/www.amazon.fr\/idiot-sorci%C3%A8re-ciels-bleus-verts\/dp\/2848715553\/ref=sr_1_1?s=books&amp;ie=UTF8&amp;qid=1383144204&amp;sr=1-1&amp;keywords=martine+pannequin' title='Martine Boureau - Pannequin , schrijver'  target=\"_blank\" >Martine Boureau - Pannequin , schrijver<\/a><\/h3><\/header><div class='iconbox_content_container  '  itemprop=\"text\"  ><p class=\"newaps\"><span class=\"lrg bold\">&#8220;Un idiot et une sorci\u00e8re dans des ciels bleus et verts&#8221;<\/span><\/p>\n<\/div><\/div><footer class=\"entry-footer\"><\/footer><\/article><\/div>\n<div class=\"flex_column av_one_half  flex_column_div av-zero-column-padding   avia-builder-el-6  el_after_av_one_half  el_before_av_one_half  column-top-margin\" style='border-radius:0px; '><article class=\"iconbox iconbox_left    avia-builder-el-7  avia-builder-el-no-sibling  \"  itemscope=\"itemscope\" itemtype=\"https:\/\/schema.org\/CreativeWork\" ><div class=\"iconbox_content\"><header class=\"entry-content-header\"><a href='http:\/\/www.musees-senlis.fr\/Dossiers-thematiques\/seraphine-louis-dite-seraphine-de-senlis.html' title='Mus\u00e9es de Senlis'  target=\"_blank\"  class=\"iconbox_icon heading-color \" aria-hidden='true' data-av_icon='\ue80a' data-av_iconfont='entypo-fontello'  ><\/a><h3 class='iconbox_content_title '  itemprop=\"headline\"  ><a href='http:\/\/www.musees-senlis.fr\/Dossiers-thematiques\/seraphine-louis-dite-seraphine-de-senlis.html' title='Mus\u00e9es de Senlis'  target=\"_blank\" >Mus\u00e9es de Senlis<\/a><\/h3><\/header><div class='iconbox_content_container  '  itemprop=\"text\"  ><p>&#8220;Oeuvres de S\u00e9raphine de Senlis&#8221;<\/p>\n<\/div><\/div><footer class=\"entry-footer\"><\/footer><\/article><\/div>\n<div class=\"flex_column av_one_half  flex_column_div first  avia-builder-el-8  el_after_av_one_half  el_before_av_one_half  column-top-margin\" ><article class=\"iconbox iconbox_left    avia-builder-el-9  avia-builder-el-no-sibling  \"  itemscope=\"itemscope\" itemtype=\"https:\/\/schema.org\/CreativeWork\" ><div class=\"iconbox_content\"><header class=\"entry-content-header\"><a href='http:\/\/www.greenthefilm.com\/' title='Green The Film'  target=\"_blank\"  class=\"iconbox_icon heading-color \" aria-hidden='true' data-av_icon='\ue80a' data-av_iconfont='entypo-fontello'  ><\/a><h3 class='iconbox_content_title '  itemprop=\"headline\"  ><a href='http:\/\/www.greenthefilm.com\/' title='Green The Film'  target=\"_blank\" >Green The Film<\/a><\/h3><\/header><div class='iconbox_content_container  '  itemprop=\"text\"  ><p>&#8220;Doodsstrijd van een orang-oetan&#8221;<\/p>\n<\/div><\/div><footer class=\"entry-footer\"><\/footer><\/article><\/div>\n<div class=\"flex_column av_one_half  flex_column_div av-zero-column-padding   avia-builder-el-10  el_after_av_one_half  el_before_av_one_half  column-top-margin\" style='border-radius:0px; '><article class=\"iconbox iconbox_left    avia-builder-el-11  avia-builder-el-no-sibling  \"  itemscope=\"itemscope\" itemtype=\"https:\/\/schema.org\/CreativeWork\" ><div class=\"iconbox_content\"><header class=\"entry-content-header\"><a href='http:\/\/www.kokopelli-be.com\/' title='Kokopelli'  target=\"_blank\"  class=\"iconbox_icon heading-color \" aria-hidden='true' data-av_icon='\ue80a' data-av_iconfont='entypo-fontello'  ><\/a><h3 class='iconbox_content_title '  itemprop=\"headline\"  ><a href='http:\/\/www.kokopelli-be.com\/' title='Kokopelli'  target=\"_blank\" >Kokopelli<\/a><\/h3><\/header><div class='iconbox_content_container  '  itemprop=\"text\"  ><p>&#8220;Zaden zonder grens&#8221;<\/p>\n<\/div><\/div><footer class=\"entry-footer\"><\/footer><\/article><\/div>\n<div class=\"flex_column av_one_half  flex_column_div first  avia-builder-el-12  el_after_av_one_half  el_before_av_one_half  column-top-margin\" ><article class=\"iconbox iconbox_left    avia-builder-el-13  avia-builder-el-no-sibling  \"  itemscope=\"itemscope\" itemtype=\"https:\/\/schema.org\/CreativeWork\" ><div class=\"iconbox_content\"><header class=\"entry-content-header\"><a href='http:\/\/www.colibris-lemouvement.org\/' title='Colibris'  target=\"_blank\"  class=\"iconbox_icon heading-color \" aria-hidden='true' data-av_icon='\ue80a' data-av_iconfont='entypo-fontello'  ><\/a><h3 class='iconbox_content_title '  itemprop=\"headline\"  ><a href='http:\/\/www.colibris-lemouvement.org\/' title='Colibris'  target=\"_blank\" >Colibris<\/a><\/h3><\/header><div class='iconbox_content_container  '  itemprop=\"text\"  ><p>&#8220;Beweging voor de aarde en humanisme&#8221;<\/p>\n<\/div><\/div><footer class=\"entry-footer\"><\/footer><\/article><\/div>\n<div class=\"flex_column av_one_half  flex_column_div av-zero-column-padding   avia-builder-el-14  el_after_av_one_half  el_before_av_one_half  column-top-margin\" style='border-radius:0px; '><article class=\"iconbox iconbox_left    avia-builder-el-15  avia-builder-el-no-sibling  \"  itemscope=\"itemscope\" itemtype=\"https:\/\/schema.org\/CreativeWork\" ><div class=\"iconbox_content\"><header class=\"entry-content-header\"><a href='http:\/\/www.culturelezondagdoesburg.nl\/' title='Culturele zondag Doesburg'  target=\"_blank\"  class=\"iconbox_icon heading-color \" aria-hidden='true' data-av_icon='\ue80a' data-av_iconfont='entypo-fontello'  ><\/a><h3 class='iconbox_content_title '  itemprop=\"headline\"  ><a href='http:\/\/www.culturelezondagdoesburg.nl\/' title='Culturele zondag Doesburg'  target=\"_blank\" >Culturele zondag Doesburg<\/a><\/h3><\/header><div class='iconbox_content_container  '  itemprop=\"text\"  ><p>&#8220;Elke eerste zondag van de maand&#8221;<\/p>\n<\/div><\/div><footer class=\"entry-footer\"><\/footer><\/article><\/div>\n<div class=\"flex_column av_one_half  flex_column_div first  avia-builder-el-16  el_after_av_one_half  avia-builder-el-last  column-top-margin\" ><article class=\"iconbox iconbox_left    avia-builder-el-17  avia-builder-el-no-sibling  \"  itemscope=\"itemscope\" itemtype=\"https:\/\/schema.org\/CreativeWork\" ><div class=\"iconbox_content\"><header class=\"entry-content-header\"><a href='http:\/\/www.navdanya.org\/' title='Navdanya'  target=\"_blank\"  class=\"iconbox_icon heading-color \" aria-hidden='true' data-av_icon='\ue80a' data-av_iconfont='entypo-fontello'  ><\/a><h3 class='iconbox_content_title '  itemprop=\"headline\"  ><a href='http:\/\/www.navdanya.org\/' title='Navdanya'  target=\"_blank\" >Navdanya<\/a><\/h3><\/header><div class='iconbox_content_container  '  itemprop=\"text\"  ><p>&#8220;Vandana Shiva tegen Mosanto.\u00a0Protection of biological and cultural diversity and right to save and share seeds&#8221;<\/p>\n<\/div><\/div><footer class=\"entry-footer\"><\/footer><\/article><\/div>\n<div class=\"flex_column av_one_half  flex_column_div av-zero-column-padding   column-top-margin\" style='border-radius:0px; '><\/div>\n","protected":false},"excerpt":{"rendered":"","protected":false},"author":3,"featured_media":0,"parent":0,"menu_order":0,"comment_status":"open","ping_status":"open","template":"","meta":{"_exactmetrics_skip_tracking":false,"_exactmetrics_sitenote_active":false,"_exactmetrics_sitenote_note":"","_exactmetrics_sitenote_category":0,"footnotes":""},"class_list":["post-130","page","type-page","status-publish","hentry"],"yoast_head":"<!-- This site is optimized with the Yoast SEO plugin v27.3 - https:\/\/yoast.com\/product\/yoast-seo-wordpress\/ -->\n<title>Links - Corinne Boureau<\/title>\n<meta name=\"robots\" content=\"index, follow, max-snippet:-1, max-image-preview:large, max-video-preview:-1\" \/>\n<link rel=\"canonical\" href=\"https:\/\/corinneboureau.nl\/en\/links\/\" \/>\n<meta property=\"og:locale\" content=\"en_US\" \/>\n<meta property=\"og:type\" content=\"article\" \/>\n<meta property=\"og:title\" content=\"Links - Corinne Boureau\" \/>\n<meta property=\"og:url\" content=\"https:\/\/corinneboureau.nl\/en\/links\/\" \/>\n<meta property=\"og:site_name\" content=\"Corinne Boureau\" \/>\n<meta property=\"article:modified_time\" content=\"2016-11-09T10:01:13+00:00\" \/>\n<meta name=\"twitter:label1\" content=\"Est. reading time\" \/>\n\t<meta name=\"twitter:data1\" content=\"3 minutes\" \/>\n<script type=\"application\/ld+json\" class=\"yoast-schema-graph\">{\"@context\":\"https:\\\/\\\/schema.org\",\"@graph\":[{\"@type\":\"WebPage\",\"@id\":\"https:\\\/\\\/corinneboureau.nl\\\/en\\\/links\\\/\",\"url\":\"https:\\\/\\\/corinneboureau.nl\\\/en\\\/links\\\/\",\"name\":\"Links - Corinne Boureau\",\"isPartOf\":{\"@id\":\"https:\\\/\\\/corinneboureau.nl\\\/#website\"},\"datePublished\":\"2014-09-30T18:12:18+00:00\",\"dateModified\":\"2016-11-09T10:01:13+00:00\",\"breadcrumb\":{\"@id\":\"https:\\\/\\\/corinneboureau.nl\\\/en\\\/links\\\/#breadcrumb\"},\"inLanguage\":\"en-US\",\"potentialAction\":[{\"@type\":\"ReadAction\",\"target\":[\"https:\\\/\\\/corinneboureau.nl\\\/en\\\/links\\\/\"]}]},{\"@type\":\"BreadcrumbList\",\"@id\":\"https:\\\/\\\/corinneboureau.nl\\\/en\\\/links\\\/#breadcrumb\",\"itemListElement\":[{\"@type\":\"ListItem\",\"position\":1,\"name\":\"Home\",\"item\":\"https:\\\/\\\/corinneboureau.nl\\\/en\\\/\"},{\"@type\":\"ListItem\",\"position\":2,\"name\":\"Links\"}]},{\"@type\":\"WebSite\",\"@id\":\"https:\\\/\\\/corinneboureau.nl\\\/#website\",\"url\":\"https:\\\/\\\/corinneboureau.nl\\\/\",\"name\":\"Corinne Boureau\",\"description\":\"\",\"potentialAction\":[{\"@type\":\"SearchAction\",\"target\":{\"@type\":\"EntryPoint\",\"urlTemplate\":\"https:\\\/\\\/corinneboureau.nl\\\/?s={search_term_string}\"},\"query-input\":{\"@type\":\"PropertyValueSpecification\",\"valueRequired\":true,\"valueName\":\"search_term_string\"}}],\"inLanguage\":\"en-US\"}]}<\/script>\n<!-- \/ Yoast SEO plugin. -->","yoast_head_json":{"title":"Links - Corinne Boureau","robots":{"index":"index","follow":"follow","max-snippet":"max-snippet:-1","max-image-preview":"max-image-preview:large","max-video-preview":"max-video-preview:-1"},"canonical":"https:\/\/corinneboureau.nl\/en\/links\/","og_locale":"en_US","og_type":"article","og_title":"Links - Corinne Boureau","og_url":"https:\/\/corinneboureau.nl\/en\/links\/","og_site_name":"Corinne Boureau","article_modified_time":"2016-11-09T10:01:13+00:00","twitter_misc":{"Est. reading time":"3 minutes"},"schema":{"@context":"https:\/\/schema.org","@graph":[{"@type":"WebPage","@id":"https:\/\/corinneboureau.nl\/en\/links\/","url":"https:\/\/corinneboureau.nl\/en\/links\/","name":"Links - Corinne Boureau","isPartOf":{"@id":"https:\/\/corinneboureau.nl\/#website"},"datePublished":"2014-09-30T18:12:18+00:00","dateModified":"2016-11-09T10:01:13+00:00","breadcrumb":{"@id":"https:\/\/corinneboureau.nl\/en\/links\/#breadcrumb"},"inLanguage":"en-US","potentialAction":[{"@type":"ReadAction","target":["https:\/\/corinneboureau.nl\/en\/links\/"]}]},{"@type":"BreadcrumbList","@id":"https:\/\/corinneboureau.nl\/en\/links\/#breadcrumb","itemListElement":[{"@type":"ListItem","position":1,"name":"Home","item":"https:\/\/corinneboureau.nl\/en\/"},{"@type":"ListItem","position":2,"name":"Links"}]},{"@type":"WebSite","@id":"https:\/\/corinneboureau.nl\/#website","url":"https:\/\/corinneboureau.nl\/","name":"Corinne Boureau","description":"","potentialAction":[{"@type":"SearchAction","target":{"@type":"EntryPoint","urlTemplate":"https:\/\/corinneboureau.nl\/?s={search_term_string}"},"query-input":{"@type":"PropertyValueSpecification","valueRequired":true,"valueName":"search_term_string"}}],"inLanguage":"en-US"}]}},"_links":{"self":[{"href":"https:\/\/corinneboureau.nl\/en\/wp-json\/wp\/v2\/pages\/130","targetHints":{"allow":["GET"]}}],"collection":[{"href":"https:\/\/corinneboureau.nl\/en\/wp-json\/wp\/v2\/pages"}],"about":[{"href":"https:\/\/corinneboureau.nl\/en\/wp-json\/wp\/v2\/types\/page"}],"author":[{"embeddable":true,"href":"https:\/\/corinneboureau.nl\/en\/wp-json\/wp\/v2\/users\/3"}],"replies":[{"embeddable":true,"href":"https:\/\/corinneboureau.nl\/en\/wp-json\/wp\/v2\/comments?post=130"}],"version-history":[{"count":5,"href":"https:\/\/corinneboureau.nl\/en\/wp-json\/wp\/v2\/pages\/130\/revisions"}],"predecessor-version":[{"id":1134,"href":"https:\/\/corinneboureau.nl\/en\/wp-json\/wp\/v2\/pages\/130\/revisions\/1134"}],"wp:attachment":[{"href":"https:\/\/corinneboureau.nl\/en\/wp-json\/wp\/v2\/media?parent=130"}],"curies":[{"name":"wp","href":"https:\/\/api.w.org\/{rel}","templated":true}]}}