{"id":155,"date":"2014-09-30T19:10:57","date_gmt":"2014-09-30T18:10:57","guid":{"rendered":"http:\/\/corinneboureau.nl.server18.firstfind.nl\/?page_id=155"},"modified":"2024-02-09T16:36:03","modified_gmt":"2024-02-09T15:36:03","slug":"nieuws","status":"publish","type":"page","link":"https:\/\/corinneboureau.nl\/fr\/nieuws\/","title":{"rendered":"Infos"},"content":{"rendered":"<p>Interview dans le magazine\u00a0PLAISIR DE PEINDRE n82.  mars 2021<\/p>\n<div class=\"flex_column av_one_full  flex_column_div first  avia-builder-el-0  avia-builder-el-no-sibling  \" ><div  data-autoplay=''  data-interval='5'  data-animation='fade'  data-show_slide_delay='90'  class='avia-content-slider avia-content-grid-active avia-content-slider1 avia-content-slider-odd  avia-builder-el-1  avia-builder-el-no-sibling  '  itemscope=\"itemscope\" itemtype=\"https:\/\/schema.org\/Blog\" ><div class='avia-content-slider-inner'><div class='slide-entry-wrap'><article class='slide-entry flex_column  post-entry post-entry-1494 slide-entry-overview slide-loop-1 slide-parity-odd  av_one_third first real-thumbnail'  itemscope=\"itemscope\" itemtype=\"https:\/\/schema.org\/BlogPosting\" itemprop=\"blogPost\" ><a href='https:\/\/corinneboureau.nl\/fr\/mon-nouveau-roman-henri-matisse-quand-laube-se-detache-de-la-nuit\/' data-rel='slide-1' class='slide-image' title=''><img loading=\"lazy\" decoding=\"async\" width=\"495\" height=\"400\" src=\"https:\/\/corinneboureau.nl\/wp-content\/uploads\/2019\/04\/Matisse_front_cover-495x400.png\" class=\"attachment-portfolio size-portfolio wp-post-image\" alt=\"\" srcset=\"https:\/\/corinneboureau.nl\/wp-content\/uploads\/2019\/04\/Matisse_front_cover-495x400.png 495w, https:\/\/corinneboureau.nl\/wp-content\/uploads\/2019\/04\/Matisse_front_cover-845x684.png 845w\" sizes=\"auto, (max-width: 495px) 100vw, 495px\" \/><\/a><div class='slide-content'><header class=\"entry-content-header\"><h3 class='slide-entry-title entry-title'  itemprop=\"headline\" ><a href='https:\/\/corinneboureau.nl\/fr\/mon-nouveau-roman-henri-matisse-quand-laube-se-detache-de-la-nuit\/' title='Mon nouveau Roman : Henri Matisse Quand l&#039;aube se d\u00e9tache de la nuit'>Mon nouveau Roman : Henri Matisse Quand l'aube se d\u00e9tache de la nuit<\/a><\/h3><span class=\"av-vertical-delimiter\"><\/span><\/header><div class='slide-meta'><time class='slide-meta-time updated'  itemprop=\"datePublished\" datetime=\"2019-04-13T08:40:09+01:00\" >13 avril 2019<\/time><\/div><div class='slide-entry-excerpt entry-content'  itemprop=\"text\" >J'ai le plaisir de vous annoncer la parution de mon nouveau roman\u2026<\/div><\/div><footer class=\"entry-footer\"><\/footer><span class='hidden'>\n\t\t\t<span class='av-structured-data'  itemprop=\"image\" itemscope=\"itemscope\" itemtype=\"https:\/\/schema.org\/ImageObject\"  itemprop='image'>\n\t\t\t\t\t   <span itemprop='url' >https:\/\/corinneboureau.nl\/wp-content\/uploads\/2019\/04\/Matisse_front_cover.png<\/span>\n\t\t\t\t\t   <span itemprop='height' >1532<\/span>\n\t\t\t\t\t   <span itemprop='width' >1870<\/span>\n\t\t\t\t  <\/span><span class='av-structured-data'  itemprop=\"publisher\" itemtype=\"https:\/\/schema.org\/Organization\" itemscope=\"itemscope\" >\n\t\t\t\t<span itemprop='name'>Corinne Boureau<\/span>\n\t\t\t\t<span itemprop='logo' itemscope itemtype='https:\/\/schema.org\/ImageObject'>\n\t\t\t\t   <span itemprop='url'>https:\/\/corinneboureau.nl.server18.firstfind.nl\/wp-content\/uploads\/2014\/09\/corinneboureau_logo.png<\/span>\n\t\t\t\t <\/span>\n\t\t\t  <\/span><span class='av-structured-data'  itemprop=\"author\" itemscope=\"itemscope\" itemtype=\"https:\/\/schema.org\/Person\" ><span itemprop='name'>Corinne Boureau<\/span><\/span><span class='av-structured-data'  itemprop=\"datePublished\" datetime=\"2013-03-01T18:26:20+01:00\" >2019-04-13 08:40:09<\/span><span class='av-structured-data'  itemprop=\"dateModified\" itemtype=\"https:\/\/schema.org\/dateModified\" >2022-05-27 16:02:12<\/span><span class='av-structured-data'  itemprop=\"mainEntityOfPage\" itemtype=\"https:\/\/schema.org\/mainEntityOfPage\" ><span itemprop='name'>Mon nouveau Roman : Henri Matisse Quand l'aube se d\u00e9tache de la nuit<\/span><\/span><\/span><\/article><article class='slide-entry flex_column  post-entry post-entry-985 slide-entry-overview slide-loop-2 slide-parity-even  av_one_third  real-thumbnail'  itemscope=\"itemscope\" itemtype=\"https:\/\/schema.org\/BlogPosting\" itemprop=\"blogPost\" ><a href='https:\/\/corinneboureau.nl\/fr\/parution-nouveau-roman\/' data-rel='slide-1' class='slide-image' title=''><img loading=\"lazy\" decoding=\"async\" width=\"495\" height=\"400\" src=\"https:\/\/corinneboureau.nl\/wp-content\/uploads\/2016\/05\/Unknown-495x400.jpeg\" class=\"attachment-portfolio size-portfolio wp-post-image\" alt=\"\" srcset=\"https:\/\/corinneboureau.nl\/wp-content\/uploads\/2016\/05\/Unknown-495x400.jpeg 495w, https:\/\/corinneboureau.nl\/wp-content\/uploads\/2016\/05\/Unknown-845x684.jpeg 845w\" sizes=\"auto, (max-width: 495px) 100vw, 495px\" \/><\/a><div class='slide-content'><header class=\"entry-content-header\"><h3 class='slide-entry-title entry-title'  itemprop=\"headline\" ><a href='https:\/\/corinneboureau.nl\/fr\/parution-nouveau-roman\/' title='Roman: T\u00e9l\u00e9maque, esclave en Bretagne'>Roman: T\u00e9l\u00e9maque, esclave en Bretagne<\/a><\/h3><span class=\"av-vertical-delimiter\"><\/span><\/header><div class='slide-meta'><time class='slide-meta-time updated'  itemprop=\"datePublished\" datetime=\"2016-05-09T16:44:03+01:00\" >9 mai 2016<\/time><\/div><div class='slide-entry-excerpt entry-content'  itemprop=\"text\" >J'ai le plaisir de vous annoncer la parution de mon nouveau roman\u2026<\/div><\/div><footer class=\"entry-footer\"><\/footer><span class='hidden'>\n\t\t\t<span class='av-structured-data'  itemprop=\"image\" itemscope=\"itemscope\" itemtype=\"https:\/\/schema.org\/ImageObject\"  itemprop='image'>\n\t\t\t\t\t   <span itemprop='url' >https:\/\/corinneboureau.nl\/wp-content\/uploads\/2016\/05\/Unknown.jpeg<\/span>\n\t\t\t\t\t   <span itemprop='height' >1426<\/span>\n\t\t\t\t\t   <span itemprop='width' >1839<\/span>\n\t\t\t\t  <\/span><span class='av-structured-data'  itemprop=\"publisher\" itemtype=\"https:\/\/schema.org\/Organization\" itemscope=\"itemscope\" >\n\t\t\t\t<span itemprop='name'>Corinne Boureau<\/span>\n\t\t\t\t<span itemprop='logo' itemscope itemtype='https:\/\/schema.org\/ImageObject'>\n\t\t\t\t   <span itemprop='url'>https:\/\/corinneboureau.nl.server18.firstfind.nl\/wp-content\/uploads\/2014\/09\/corinneboureau_logo.png<\/span>\n\t\t\t\t <\/span>\n\t\t\t  <\/span><span class='av-structured-data'  itemprop=\"author\" itemscope=\"itemscope\" itemtype=\"https:\/\/schema.org\/Person\" ><span itemprop='name'>Corinne Boureau<\/span><\/span><span class='av-structured-data'  itemprop=\"datePublished\" datetime=\"2013-03-01T18:26:20+01:00\" >2016-05-09 16:44:03<\/span><span class='av-structured-data'  itemprop=\"dateModified\" itemtype=\"https:\/\/schema.org\/dateModified\" >2019-03-25 11:15:09<\/span><span class='av-structured-data'  itemprop=\"mainEntityOfPage\" itemtype=\"https:\/\/schema.org\/mainEntityOfPage\" ><span itemprop='name'>Roman: T\u00e9l\u00e9maque, esclave en Bretagne<\/span><\/span><\/span><\/article><article class='slide-entry flex_column  post-entry post-entry-876 slide-entry-overview slide-loop-3 slide-parity-odd  av_one_third  real-thumbnail'  itemscope=\"itemscope\" itemtype=\"https:\/\/schema.org\/BlogPosting\" itemprop=\"blogPost\" ><a href='https:\/\/www.facebook.com\/profile.php?id=100000076793016' data-rel='slide-1' class='slide-image' title=''><img loading=\"lazy\" decoding=\"async\" width=\"495\" height=\"400\" src=\"https:\/\/corinneboureau.nl\/wp-content\/uploads\/2015\/09\/Libelle-495x400.jpg\" class=\"attachment-portfolio size-portfolio wp-post-image\" alt=\"\" srcset=\"https:\/\/corinneboureau.nl\/wp-content\/uploads\/2015\/09\/Libelle-495x400.jpg 495w, https:\/\/corinneboureau.nl\/wp-content\/uploads\/2015\/09\/Libelle-845x684.jpg 845w\" sizes=\"auto, (max-width: 495px) 100vw, 495px\" \/><\/a><div class='slide-content'><header class=\"entry-content-header\"><h3 class='slide-entry-title entry-title'  itemprop=\"headline\" ><a href='https:\/\/www.facebook.com\/profile.php?id=100000076793016' title='Corinne Boureau Facebook'>Corinne Boureau Facebook<\/a><\/h3><span class=\"av-vertical-delimiter\"><\/span><\/header><div class='slide-meta'><time class='slide-meta-time updated'  itemprop=\"datePublished\" datetime=\"2015-09-12T12:36:19+01:00\" >12 septembre 2015<\/time><\/div><div class='slide-entry-excerpt entry-content'  itemprop=\"text\" >Facebook<\/div><\/div><footer class=\"entry-footer\"><\/footer><span class='hidden'>\n\t\t\t<span class='av-structured-data'  itemprop=\"image\" itemscope=\"itemscope\" itemtype=\"https:\/\/schema.org\/ImageObject\"  itemprop='image'>\n\t\t\t\t\t   <span itemprop='url' >https:\/\/corinneboureau.nl\/wp-content\/uploads\/2015\/09\/Libelle.jpg<\/span>\n\t\t\t\t\t   <span itemprop='height' >1496<\/span>\n\t\t\t\t\t   <span itemprop='width' >2048<\/span>\n\t\t\t\t  <\/span><span class='av-structured-data'  itemprop=\"publisher\" itemtype=\"https:\/\/schema.org\/Organization\" itemscope=\"itemscope\" >\n\t\t\t\t<span itemprop='name'>Corinne Boureau<\/span>\n\t\t\t\t<span itemprop='logo' itemscope itemtype='https:\/\/schema.org\/ImageObject'>\n\t\t\t\t   <span itemprop='url'>https:\/\/corinneboureau.nl.server18.firstfind.nl\/wp-content\/uploads\/2014\/09\/corinneboureau_logo.png<\/span>\n\t\t\t\t <\/span>\n\t\t\t  <\/span><span class='av-structured-data'  itemprop=\"author\" itemscope=\"itemscope\" itemtype=\"https:\/\/schema.org\/Person\" ><span itemprop='name'>Corinne Boureau<\/span><\/span><span class='av-structured-data'  itemprop=\"datePublished\" datetime=\"2013-03-01T18:26:20+01:00\" >2015-09-12 12:36:19<\/span><span class='av-structured-data'  itemprop=\"dateModified\" itemtype=\"https:\/\/schema.org\/dateModified\" >2019-04-13 09:28:10<\/span><span class='av-structured-data'  itemprop=\"mainEntityOfPage\" itemtype=\"https:\/\/schema.org\/mainEntityOfPage\" ><span itemprop='name'>Corinne Boureau Facebook<\/span><\/span><\/span><\/article><\/div><div class='slide-entry-wrap'><article class='slide-entry flex_column  post-entry post-entry-671 slide-entry-overview slide-loop-4 slide-parity-odd  av_one_third first real-thumbnail'  itemscope=\"itemscope\" itemtype=\"https:\/\/schema.org\/BlogPosting\" itemprop=\"blogPost\" ><a href='https:\/\/corinneboureau.nl\/fr\/vernissage-2008-agora-gallery-new-york-2008\/' data-rel='slide-1' class='slide-image' title=''><img loading=\"lazy\" decoding=\"async\" width=\"495\" height=\"400\" src=\"https:\/\/corinneboureau.nl\/wp-content\/uploads\/2014\/11\/Agora-Galery-495x400.jpg\" class=\"attachment-portfolio size-portfolio wp-post-image\" alt=\"Agora Galery New York\" srcset=\"https:\/\/corinneboureau.nl\/wp-content\/uploads\/2014\/11\/Agora-Galery-495x400.jpg 495w, https:\/\/corinneboureau.nl\/wp-content\/uploads\/2014\/11\/Agora-Galery-710x575.jpg 710w\" sizes=\"auto, (max-width: 495px) 100vw, 495px\" \/><\/a><div class='slide-content'><header class=\"entry-content-header\"><h3 class='slide-entry-title entry-title'  itemprop=\"headline\" ><a href='https:\/\/corinneboureau.nl\/fr\/vernissage-2008-agora-gallery-new-york-2008\/' title='Vernissage 2008, Agora Gallery, New York 2008'>Vernissage 2008, Agora Gallery, New York 2008<\/a><\/h3><span class=\"av-vertical-delimiter\"><\/span><\/header><div class='slide-meta'><time class='slide-meta-time updated'  itemprop=\"datePublished\" datetime=\"2014-11-27T20:20:44+01:00\" >27 novembre 2014<\/time><\/div><div class='slide-entry-excerpt entry-content'  itemprop=\"text\" >\r\nClip musique : Peter-Marc Schoonen\r\nWebsite:\u00a0Agora Galler\u2026<\/div><\/div><footer class=\"entry-footer\"><\/footer><span class='hidden'>\n\t\t\t<span class='av-structured-data'  itemprop=\"image\" itemscope=\"itemscope\" itemtype=\"https:\/\/schema.org\/ImageObject\"  itemprop='image'>\n\t\t\t\t\t   <span itemprop='url' >https:\/\/corinneboureau.nl\/wp-content\/uploads\/2014\/11\/Agora-Galery.jpg<\/span>\n\t\t\t\t\t   <span itemprop='height' >600<\/span>\n\t\t\t\t\t   <span itemprop='width' >850<\/span>\n\t\t\t\t  <\/span><span class='av-structured-data'  itemprop=\"publisher\" itemtype=\"https:\/\/schema.org\/Organization\" itemscope=\"itemscope\" >\n\t\t\t\t<span itemprop='name'>Corinne Boureau<\/span>\n\t\t\t\t<span itemprop='logo' itemscope itemtype='https:\/\/schema.org\/ImageObject'>\n\t\t\t\t   <span itemprop='url'>https:\/\/corinneboureau.nl.server18.firstfind.nl\/wp-content\/uploads\/2014\/09\/corinneboureau_logo.png<\/span>\n\t\t\t\t <\/span>\n\t\t\t  <\/span><span class='av-structured-data'  itemprop=\"author\" itemscope=\"itemscope\" itemtype=\"https:\/\/schema.org\/Person\" ><span itemprop='name'>Corinne Boureau<\/span><\/span><span class='av-structured-data'  itemprop=\"datePublished\" datetime=\"2013-03-01T18:26:20+01:00\" >2014-11-27 20:20:44<\/span><span class='av-structured-data'  itemprop=\"dateModified\" itemtype=\"https:\/\/schema.org\/dateModified\" >2015-04-27 17:48:41<\/span><span class='av-structured-data'  itemprop=\"mainEntityOfPage\" itemtype=\"https:\/\/schema.org\/mainEntityOfPage\" ><span itemprop='name'>Vernissage 2008, Agora Gallery, New York 2008<\/span><\/span><\/span><\/article><article class='slide-entry flex_column  post-entry post-entry-293 slide-entry-overview slide-loop-5 slide-parity-even  av_one_third  real-thumbnail'  itemscope=\"itemscope\" itemtype=\"https:\/\/schema.org\/BlogPosting\" itemprop=\"blogPost\" ><a href='https:\/\/corinneboureau.nl\/fr\/article-parut-dans-le-telegramme-de-quimper\/' data-rel='slide-1' class='slide-image' title=''><img loading=\"lazy\" decoding=\"async\" width=\"220\" height=\"367\" src=\"https:\/\/corinneboureau.nl\/wp-content\/uploads\/2013\/11\/Corinne-boureau-livre.jpeg.jpg\" class=\"attachment-portfolio size-portfolio wp-post-image\" alt=\"\" srcset=\"https:\/\/corinneboureau.nl\/wp-content\/uploads\/2013\/11\/Corinne-boureau-livre.jpeg.jpg 220w, https:\/\/corinneboureau.nl\/wp-content\/uploads\/2013\/11\/Corinne-boureau-livre.jpeg-180x300.jpg 180w\" sizes=\"auto, (max-width: 220px) 100vw, 220px\" \/><\/a><div class='slide-content'><header class=\"entry-content-header\"><h3 class='slide-entry-title entry-title'  itemprop=\"headline\" ><a href='https:\/\/corinneboureau.nl\/fr\/article-parut-dans-le-telegramme-de-quimper\/' title='Article parut dans le T\u00e9l\u00e9gramme de Quimper'>Article parut dans le T\u00e9l\u00e9gramme de Quimper<\/a><\/h3><span class=\"av-vertical-delimiter\"><\/span><\/header><div class='slide-meta'><time class='slide-meta-time updated'  itemprop=\"datePublished\" datetime=\"2014-05-08T19:13:07+01:00\" >8 mai 2014<\/time><\/div><div class='slide-entry-excerpt entry-content'  itemprop=\"text\" >Comment vous est venu ce roman ?\r\n\r\nJe suis artiste peintre depuis\u2026<\/div><\/div><footer class=\"entry-footer\"><\/footer><span class='hidden'>\n\t\t\t<span class='av-structured-data'  itemprop=\"image\" itemscope=\"itemscope\" itemtype=\"https:\/\/schema.org\/ImageObject\"  itemprop='image'>\n\t\t\t\t\t   <span itemprop='url' >https:\/\/corinneboureau.nl\/wp-content\/uploads\/2013\/11\/Corinne-boureau-livre.jpeg.jpg<\/span>\n\t\t\t\t\t   <span itemprop='height' >367<\/span>\n\t\t\t\t\t   <span itemprop='width' >220<\/span>\n\t\t\t\t  <\/span><span class='av-structured-data'  itemprop=\"publisher\" itemtype=\"https:\/\/schema.org\/Organization\" itemscope=\"itemscope\" >\n\t\t\t\t<span itemprop='name'>Corinne Boureau<\/span>\n\t\t\t\t<span itemprop='logo' itemscope itemtype='https:\/\/schema.org\/ImageObject'>\n\t\t\t\t   <span itemprop='url'>https:\/\/corinneboureau.nl.server18.firstfind.nl\/wp-content\/uploads\/2014\/09\/corinneboureau_logo.png<\/span>\n\t\t\t\t <\/span>\n\t\t\t  <\/span><span class='av-structured-data'  itemprop=\"author\" itemscope=\"itemscope\" itemtype=\"https:\/\/schema.org\/Person\" ><span itemprop='name'>Corinne Boureau<\/span><\/span><span class='av-structured-data'  itemprop=\"datePublished\" datetime=\"2013-03-01T18:26:20+01:00\" >2014-05-08 19:13:07<\/span><span class='av-structured-data'  itemprop=\"dateModified\" itemtype=\"https:\/\/schema.org\/dateModified\" >2015-04-27 17:48:42<\/span><span class='av-structured-data'  itemprop=\"mainEntityOfPage\" itemtype=\"https:\/\/schema.org\/mainEntityOfPage\" ><span itemprop='name'>Article parut dans le T\u00e9l\u00e9gramme de Quimper<\/span><\/span><\/span><\/article><article class='slide-entry flex_column  post-entry post-entry-523 slide-entry-overview slide-loop-6 slide-parity-odd  post-entry-last  av_one_third  real-thumbnail'  itemscope=\"itemscope\" itemtype=\"https:\/\/schema.org\/BlogPosting\" itemprop=\"blogPost\" ><a href='https:\/\/corinneboureau.nl\/fr\/mijn-nieuwe-galerie-art-center-hores\/' data-rel='slide-1' class='slide-image' title=''><img loading=\"lazy\" decoding=\"async\" width=\"391\" height=\"400\" src=\"https:\/\/corinneboureau.nl\/wp-content\/uploads\/2013\/03\/210x270_Vanhoutteghem_rgb_low-391x400.jpg\" class=\"attachment-portfolio size-portfolio wp-post-image\" alt=\"\" srcset=\"https:\/\/corinneboureau.nl\/wp-content\/uploads\/2013\/03\/210x270_Vanhoutteghem_rgb_low-391x400.jpg 391w, https:\/\/corinneboureau.nl\/wp-content\/uploads\/2013\/03\/210x270_Vanhoutteghem_rgb_low-36x36.jpg 36w\" sizes=\"auto, (max-width: 391px) 100vw, 391px\" \/><\/a><div class='slide-content'><header class=\"entry-content-header\"><h3 class='slide-entry-title entry-title'  itemprop=\"headline\" ><a href='https:\/\/corinneboureau.nl\/fr\/mijn-nieuwe-galerie-art-center-hores\/' title='Permanente tentoonstelling van mijn werk in galerie Art Center HOres'>Permanente tentoonstelling van mijn werk in galerie Art Center HOres<\/a><\/h3><span class=\"av-vertical-delimiter\"><\/span><\/header><div class='slide-meta'><time class='slide-meta-time updated'  itemprop=\"datePublished\" datetime=\"2013-03-01T18:26:20+01:00\" >1 mars 2013<\/time><\/div><div class='slide-entry-excerpt entry-content'  itemprop=\"text\" >Sinds Juli 2016 wordt mijn werk vertegenwoordigd door de Belgische\u2026<\/div><\/div><footer class=\"entry-footer\"><\/footer><span class='hidden'>\n\t\t\t<span class='av-structured-data'  itemprop=\"image\" itemscope=\"itemscope\" itemtype=\"https:\/\/schema.org\/ImageObject\"  itemprop='image'>\n\t\t\t\t\t   <span itemprop='url' >https:\/\/corinneboureau.nl\/wp-content\/uploads\/2013\/03\/210x270_Vanhoutteghem_rgb_low.jpg<\/span>\n\t\t\t\t\t   <span itemprop='height' >500<\/span>\n\t\t\t\t\t   <span itemprop='width' >391<\/span>\n\t\t\t\t  <\/span><span class='av-structured-data'  itemprop=\"publisher\" itemtype=\"https:\/\/schema.org\/Organization\" itemscope=\"itemscope\" >\n\t\t\t\t<span itemprop='name'>Corinne Boureau<\/span>\n\t\t\t\t<span itemprop='logo' itemscope itemtype='https:\/\/schema.org\/ImageObject'>\n\t\t\t\t   <span itemprop='url'>https:\/\/corinneboureau.nl.server18.firstfind.nl\/wp-content\/uploads\/2014\/09\/corinneboureau_logo.png<\/span>\n\t\t\t\t <\/span>\n\t\t\t  <\/span><span class='av-structured-data'  itemprop=\"author\" itemscope=\"itemscope\" itemtype=\"https:\/\/schema.org\/Person\" ><span itemprop='name'>Corinne Boureau<\/span><\/span><span class='av-structured-data'  itemprop=\"datePublished\" datetime=\"2013-03-01T18:26:20+01:00\" >2013-03-01 18:26:20<\/span><span class='av-structured-data'  itemprop=\"dateModified\" itemtype=\"https:\/\/schema.org\/dateModified\" >2019-03-26 19:21:42<\/span><span class='av-structured-data'  itemprop=\"mainEntityOfPage\" itemtype=\"https:\/\/schema.org\/mainEntityOfPage\" ><span itemprop='name'>Permanente tentoonstelling van mijn werk in galerie Art Center HOres<\/span><\/span><\/span><\/article><\/div><\/div><\/div><\/div>\n","protected":false},"excerpt":{"rendered":"<p>Interview dans le magazine\u00a0PLAISIR DE PEINDRE n82. mars 2021<\/p>\n","protected":false},"author":3,"featured_media":0,"parent":0,"menu_order":0,"comment_status":"closed","ping_status":"closed","template":"","meta":{"_exactmetrics_skip_tracking":false,"_exactmetrics_sitenote_active":false,"_exactmetrics_sitenote_note":"","_exactmetrics_sitenote_category":0,"footnotes":""},"class_list":["post-155","page","type-page","status-publish","hentry"],"yoast_head":"<!-- This site is optimized with the Yoast SEO plugin v27.3 - https:\/\/yoast.com\/product\/yoast-seo-wordpress\/ -->\n<title>Infos - Corinne Boureau<\/title>\n<meta name=\"robots\" content=\"index, follow, max-snippet:-1, max-image-preview:large, max-video-preview:-1\" \/>\n<link rel=\"canonical\" href=\"https:\/\/corinneboureau.nl\/fr\/nieuws\/\" \/>\n<meta property=\"og:locale\" content=\"fr_FR\" \/>\n<meta property=\"og:type\" content=\"article\" \/>\n<meta property=\"og:title\" content=\"Infos - Corinne Boureau\" \/>\n<meta property=\"og:description\" content=\"Interview dans le magazine\u00a0PLAISIR DE PEINDRE n82. mars 2021\" \/>\n<meta property=\"og:url\" content=\"https:\/\/corinneboureau.nl\/fr\/nieuws\/\" \/>\n<meta property=\"og:site_name\" content=\"Corinne Boureau\" \/>\n<meta property=\"article:modified_time\" content=\"2024-02-09T15:36:03+00:00\" \/>\n<meta name=\"twitter:label1\" content=\"Dur\u00e9e de lecture estim\u00e9e\" \/>\n\t<meta name=\"twitter:data1\" content=\"1 minute\" \/>\n<script type=\"application\/ld+json\" class=\"yoast-schema-graph\">{\"@context\":\"https:\\\/\\\/schema.org\",\"@graph\":[{\"@type\":\"WebPage\",\"@id\":\"https:\\\/\\\/corinneboureau.nl\\\/fr\\\/nieuws\\\/\",\"url\":\"https:\\\/\\\/corinneboureau.nl\\\/fr\\\/nieuws\\\/\",\"name\":\"Infos - Corinne Boureau\",\"isPartOf\":{\"@id\":\"https:\\\/\\\/corinneboureau.nl\\\/#website\"},\"datePublished\":\"2014-09-30T18:10:57+00:00\",\"dateModified\":\"2024-02-09T15:36:03+00:00\",\"breadcrumb\":{\"@id\":\"https:\\\/\\\/corinneboureau.nl\\\/fr\\\/nieuws\\\/#breadcrumb\"},\"inLanguage\":\"fr-FR\",\"potentialAction\":[{\"@type\":\"ReadAction\",\"target\":[\"https:\\\/\\\/corinneboureau.nl\\\/fr\\\/nieuws\\\/\"]}]},{\"@type\":\"BreadcrumbList\",\"@id\":\"https:\\\/\\\/corinneboureau.nl\\\/fr\\\/nieuws\\\/#breadcrumb\",\"itemListElement\":[{\"@type\":\"ListItem\",\"position\":1,\"name\":\"Home\",\"item\":\"https:\\\/\\\/corinneboureau.nl\\\/fr\\\/\"},{\"@type\":\"ListItem\",\"position\":2,\"name\":\"Infos\"}]},{\"@type\":\"WebSite\",\"@id\":\"https:\\\/\\\/corinneboureau.nl\\\/#website\",\"url\":\"https:\\\/\\\/corinneboureau.nl\\\/\",\"name\":\"Corinne Boureau\",\"description\":\"\",\"potentialAction\":[{\"@type\":\"SearchAction\",\"target\":{\"@type\":\"EntryPoint\",\"urlTemplate\":\"https:\\\/\\\/corinneboureau.nl\\\/?s={search_term_string}\"},\"query-input\":{\"@type\":\"PropertyValueSpecification\",\"valueRequired\":true,\"valueName\":\"search_term_string\"}}],\"inLanguage\":\"fr-FR\"}]}<\/script>\n<!-- \/ Yoast SEO plugin. -->","yoast_head_json":{"title":"Infos - Corinne Boureau","robots":{"index":"index","follow":"follow","max-snippet":"max-snippet:-1","max-image-preview":"max-image-preview:large","max-video-preview":"max-video-preview:-1"},"canonical":"https:\/\/corinneboureau.nl\/fr\/nieuws\/","og_locale":"fr_FR","og_type":"article","og_title":"Infos - Corinne Boureau","og_description":"Interview dans le magazine\u00a0PLAISIR DE PEINDRE n82. mars 2021","og_url":"https:\/\/corinneboureau.nl\/fr\/nieuws\/","og_site_name":"Corinne Boureau","article_modified_time":"2024-02-09T15:36:03+00:00","twitter_misc":{"Dur\u00e9e de lecture estim\u00e9e":"1 minute"},"schema":{"@context":"https:\/\/schema.org","@graph":[{"@type":"WebPage","@id":"https:\/\/corinneboureau.nl\/fr\/nieuws\/","url":"https:\/\/corinneboureau.nl\/fr\/nieuws\/","name":"Infos - Corinne Boureau","isPartOf":{"@id":"https:\/\/corinneboureau.nl\/#website"},"datePublished":"2014-09-30T18:10:57+00:00","dateModified":"2024-02-09T15:36:03+00:00","breadcrumb":{"@id":"https:\/\/corinneboureau.nl\/fr\/nieuws\/#breadcrumb"},"inLanguage":"fr-FR","potentialAction":[{"@type":"ReadAction","target":["https:\/\/corinneboureau.nl\/fr\/nieuws\/"]}]},{"@type":"BreadcrumbList","@id":"https:\/\/corinneboureau.nl\/fr\/nieuws\/#breadcrumb","itemListElement":[{"@type":"ListItem","position":1,"name":"Home","item":"https:\/\/corinneboureau.nl\/fr\/"},{"@type":"ListItem","position":2,"name":"Infos"}]},{"@type":"WebSite","@id":"https:\/\/corinneboureau.nl\/#website","url":"https:\/\/corinneboureau.nl\/","name":"Corinne Boureau","description":"","potentialAction":[{"@type":"SearchAction","target":{"@type":"EntryPoint","urlTemplate":"https:\/\/corinneboureau.nl\/?s={search_term_string}"},"query-input":{"@type":"PropertyValueSpecification","valueRequired":true,"valueName":"search_term_string"}}],"inLanguage":"fr-FR"}]}},"_links":{"self":[{"href":"https:\/\/corinneboureau.nl\/fr\/wp-json\/wp\/v2\/pages\/155","targetHints":{"allow":["GET"]}}],"collection":[{"href":"https:\/\/corinneboureau.nl\/fr\/wp-json\/wp\/v2\/pages"}],"about":[{"href":"https:\/\/corinneboureau.nl\/fr\/wp-json\/wp\/v2\/types\/page"}],"author":[{"embeddable":true,"href":"https:\/\/corinneboureau.nl\/fr\/wp-json\/wp\/v2\/users\/3"}],"replies":[{"embeddable":true,"href":"https:\/\/corinneboureau.nl\/fr\/wp-json\/wp\/v2\/comments?post=155"}],"version-history":[{"count":8,"href":"https:\/\/corinneboureau.nl\/fr\/wp-json\/wp\/v2\/pages\/155\/revisions"}],"predecessor-version":[{"id":2004,"href":"https:\/\/corinneboureau.nl\/fr\/wp-json\/wp\/v2\/pages\/155\/revisions\/2004"}],"wp:attachment":[{"href":"https:\/\/corinneboureau.nl\/fr\/wp-json\/wp\/v2\/media?parent=155"}],"curies":[{"name":"wp","href":"https:\/\/api.w.org\/{rel}","templated":true}]}}