{"id":157,"date":"2014-09-30T19:11:30","date_gmt":"2014-09-30T18:11:30","guid":{"rendered":"http:\/\/corinneboureau.nl.server18.firstfind.nl\/?page_id=157"},"modified":"2024-02-09T16:12:32","modified_gmt":"2024-02-09T15:12:32","slug":"artiestenverklaring","status":"publish","type":"page","link":"https:\/\/corinneboureau.nl\/fr\/artiestenverklaring\/","title":{"rendered":"Artiestenverklaring"},"content":{"rendered":"<div class=\"flex_column av_one_full  flex_column_div first  avia-builder-el-0  el_before_av_one_half  avia-builder-el-first  \" ><section class=\"av_textblock_section \"  itemscope=\"itemscope\" itemtype=\"https:\/\/schema.org\/CreativeWork\" ><div class='avia_textblock  '   itemprop=\"text\" ><h1>L&rsquo;artiste<\/h1>\n<\/div><\/section>\n<section class=\"av_textblock_section \"  itemscope=\"itemscope\" itemtype=\"https:\/\/schema.org\/CreativeWork\" ><div class='avia_textblock  '   itemprop=\"text\" ><p>Je suis n\u00e9e en Bretagne et j&rsquo;ai grandi a Do\u00eblan. Ce petit port de p\u00eache a inspir\u00e9 bien des peintres et \u00e9crivains comme Beno\u00eet Groult.<\/p>\n<p>Nous \u00e9tions huit enfants dans ce lieudit, nomm\u00e9 Ty-Forn.\u00a0Ma m\u00e8re \u00e9tait institutrice dans la petite \u00e9cole du village et mon p\u00e8re \u00e9tait peintre\/sculpteur, connu localement plus particuli\u00e8rement pour la statuaire religieuse. Il donnait aussi des cours d&rsquo;art plastique au lyc\u00e9e de Quimperl\u00e9.<\/p>\n<\/div><\/section><\/div>\n<div class=\"flex_column av_one_half  flex_column_div first  avia-builder-el-3  el_after_av_one_full  el_before_av_one_half  column-top-margin\" ><div class='avia-gallery  avia-gallery-1 avia_lazyload avia-gallery-animate avia_animate_when_visible  avia-builder-el-4  avia-builder-el-no-sibling '  itemprop=\"image\" itemscope=\"itemscope\" itemtype=\"https:\/\/schema.org\/ImageObject\" ><div class='avia-gallery-thumb'> <a href='https:\/\/corinneboureau.nl\/wp-content\/uploads\/2014\/09\/Moeder.jpg' data-rel='gallery-1' data-prev-img='https:\/\/corinneboureau.nl\/wp-content\/uploads\/2014\/09\/Moeder.jpg' class='first_thumb lightbox ' data-onclick='1' title=''  itemprop=\"thumbnailUrl\" ><img  src='https:\/\/corinneboureau.nl\/wp-content\/uploads\/2014\/09\/Moeder-180x180.jpg' width='180' height='180'  title='Moeder' alt='' \/><\/a> <a href='https:\/\/corinneboureau.nl\/wp-content\/uploads\/2014\/09\/Vader.jpg' data-rel='gallery-1' data-prev-img='https:\/\/corinneboureau.nl\/wp-content\/uploads\/2014\/09\/Vader.jpg' class='lightbox ' data-onclick='2' title=''  itemprop=\"thumbnailUrl\" ><img  src='https:\/\/corinneboureau.nl\/wp-content\/uploads\/2014\/09\/Vader-180x180.jpg' width='180' height='180'  title='Vader' alt='' \/><\/a><\/div><\/div><\/div>\n<div class=\"flex_column av_one_half  flex_column_div av-zero-column-padding   avia-builder-el-5  el_after_av_one_half  el_before_av_one_full  column-top-margin\" style='border-radius:0px; '><section class=\"av_textblock_section \"  itemscope=\"itemscope\" itemtype=\"https:\/\/schema.org\/CreativeWork\" ><div class='avia_textblock  '   itemprop=\"text\" ><p>Nombreuses de ses \u0153uvres, dont des statues et des calvaires en granit et en bois, d\u00e9corent les \u00e9glises et chapelles de Bretagne, la c\u00f4te mais aussi des \u00e9glises dans plusieurs villes de France.<\/p>\n<p>\u00c9tant petite, j&rsquo;avais beaucoup d&rsquo;admiration en regardant mon p\u00e8re frapper le burin sur la pierre dure. Comme par enchantement, apparaissaient du bloc, le visage d&rsquo;une Madone ou le cheval de Don Quichotte.<br \/>\nJe pouvais passer des heures \u00e0 la forge, fascin\u00e9e par les gestes de mon p\u00e8re, tapant le burin rougi par le feu.\u00a0Il avait l&rsquo;air d&rsquo;un dragon.<\/p>\n<\/div><\/section><\/div>\n<div class=\"flex_column av_one_full  flex_column_div first  avia-builder-el-7  el_after_av_one_half  el_before_av_one_full  column-top-margin\" ><section class=\"av_textblock_section \"  itemscope=\"itemscope\" itemtype=\"https:\/\/schema.org\/CreativeWork\" ><div class='avia_textblock  '   itemprop=\"text\" ><p><a href=\"https:\/\/corinneboureau.nl.server18.firstfind.nl\/wp-content\/uploads\/2014\/09\/Don-Quichotte-200-250.jpg\"><img loading=\"lazy\" decoding=\"async\" class=\"alignright size-full wp-image-323\" src=\"https:\/\/corinneboureau.nl.server18.firstfind.nl\/wp-content\/uploads\/2014\/09\/Don-Quichotte-200-250.jpg\" alt=\"Don Quichotte\" width=\"174\" height=\"250\" \/><\/a>La maison accueillait toujours beaucoup de gens.\u00a0Nous vivions dans une \u00abharmonie chaotique\u00bb, avec la visite fr\u00e9quente d&rsquo;artistes bariol\u00e9s : peintres, \u00e9crivains, po\u00e8tes, chanteurs&#8230;<\/p>\n<p>Lorsque la maison \u00e9tait trop bruyante, ma m\u00e8re nous amenait faire de grandes balades dans la nature. \u00a0Tout en marchant,elle nous apprenait les noms en latin des plantes et des oiseaux.<br \/>\n\u00c0 la fin de la journ\u00e9e, nous chantions en ch\u0153ur, les noms attach\u00e9s les uns aux autres, comme un chapelet, pour ne pas les oublier.\u00a0Lorsque mon p\u00e8re terminait une peinture, il rassemblait toute la maisonn\u00e9e dans l&rsquo;atelier. Pendant ces moments privil\u00e9gi\u00e9s, j&rsquo;ai beaucoup appris sur la mati\u00e8re, le volume, la masse et le mouvement&#8230;<\/p>\n<p>Dans mon enfance en Bretagne, un peintre, en particulier, attira mon attention :\u00a0Max Bueno de Mesquita . Il \u00e9tait n\u00e9 \u00e0 Amsterdam, il \u00e9tait juif d&rsquo;origine Portugaise.<br \/>\n\u00c0 l&rsquo;age de 16 ans, son p\u00e8re l&#8217;emmena au Rijksmuseum, devant un portrait de ses anc\u00eatres peint par Rembrandt. Il a d\u00e9cid\u00e9 alors, de devenir peintre.<br \/>\nPendant la guerre, Max a perdu presque toute sa famille. Lui-m\u00eame a surv\u00e9cu Auschwitz.\u00a0Max passait tous les \u00e9t\u00e9s chez nous pour travailler avec mon p\u00e8re.<br \/>\nIl souffrait r\u00e9guli\u00e8rement de fortes d\u00e9pressions, mais dans mes souvenirs de petite fille, je le revois faire le clown jouant avec sa longue m\u00e8che qu&rsquo;il enroulait autour de son cr\u00e2ne chauve&#8230;<br \/>\nIl mourut en 2001 \u00e0 Amsterdam. \u00a0C&rsquo;est l&rsquo;impact de cette rencontre sur mon esprit d&rsquo;enfant, qui m&rsquo;a orient\u00e9 tout naturellement vers les Pays-Bas.<\/p>\n<p>Corinne Boureau s&rsquo;est install\u00e9e en <em>Bretagne<\/em> en 2020.<\/p>\n<\/div><\/section><\/div><div class=\"flex_column av_one_full  flex_column_div first  avia-builder-el-9  el_after_av_one_full  avia-builder-el-last  column-top-margin\" ><section class=\"av_textblock_section \"  itemscope=\"itemscope\" itemtype=\"https:\/\/schema.org\/CreativeWork\" ><div class='avia_textblock  '   itemprop=\"text\" ><h3>NOTRE LUMI\u00c8RE COMMUNE<\/h3>\n<p><em>Congr\u00e8s \u2018Spirituality and Sustainability\u2019<\/em><br \/>\n<em>Hongrie septembre 2012<\/em><\/p>\n<p><iframe loading=\"lazy\" src=\"\/\/www.youtube.com\/embed\/ciT-Ew8OydA\" width=\"500\" height=\"335\" frameborder=\"0\" allowfullscreen=\"allowfullscreen\"><\/iframe><\/p>\n<p>L\u2019histoire de l\u2019homme commence dans un jardin.<br \/>\nLe jardin germe d\u2019une graine infiniment petite.<br \/>\nCe p\u00e9pin, pourvu de magie savante, contient<br \/>\nla mati\u00e8re, l\u2019\u00e9nergie, l\u2019espace et le temps.<br \/>\n\u2018Le temps des r\u00eaves\u2019\u2026 C\u2019est ainsi que les Aborig\u00e8nes nomment les t\u00e9n\u00e8bres primaires, ant\u00e9rieures au Big Bang.<\/p>\n<p>Certains r\u00eaves sont audacieux et sans limites\u2026<br \/>\nLe p\u00e9pin gonfle, explose, se distend, donnant naissance au temps.<br \/>\nLes \u00e9toiles, les galaxies et notre syst\u00e8me solaire s\u2019organisent.<br \/>\nLa promesse mirobolante s\u2019accomplit enfin lorsque des pluies de poussi\u00e8re d\u2019\u00e9toiles ensemencent les oc\u00e9ans primitifs. La lumi\u00e8re blanche des \u00e9toiles, \u00e9nergie pure, d\u00e9bute la vie sur terre qui appara\u00eet sous la forme d\u2019une algue. Or, il se trouve que cette \u2018algue-m\u00e8re\u2019 contient dans sa cellule les couleurs de l\u2019arc-en-ciel. C\u2019est donc, aux atomes forg\u00e9s dans les constellations que l\u2019on doit la couleur qui repr\u00e9sente le passage \u00e0 la vie.<\/p>\n<p>D\u2019abord est n\u00e9 le vert : La chlorophylle est un pigment vert naturel pr\u00e9sent dans les cellules v\u00e9g\u00e9tales, dont le r\u00f4le est essentiel dans le processus de la photosynth\u00e8se. Le vert arrive donc bien avant le poisson et l\u2019oiseau car elle est la couleur de l\u2019origine.<\/p>\n<p>Les anciennes cultures connaissaient d\u00e9j\u00e0 la relation entre la vie et la lumi\u00e8re. Les couleurs et l\u2019\u00e9nergie.<br \/>\nNous sommes des \u00eatres issus de la lumi\u00e8re.<br \/>\nL\u2019oeuvre de la vie a voyag\u00e9 \u00e0 travers l\u2019intuition mystique de nos anc\u00eatres, mais elle garde quelque chose d\u2019imp\u00e9n\u00e9trable et d\u2019insaisissable, comme toute \u0153uvre de g\u00e9nie.<\/p>\n<p>Les savoirs ancestraux sont transmis \u00e0 travers les mythes et les contes, mais aussi \u00e0 travers l\u2019\u00e9tymologie des mots. Ceux-ci nous \u00e9claire sur la naissance du monde et des hommes et nous entra\u00eene parfois vers des d\u00e9couvertes surprenantes.<br \/>\nPrenons le mot couleur. Couleur vient du mot latin color et son \u00e9tymologie nous aide \u00e0 remonter \u00e0 la source m\u00eame de la vie.<br \/>\nColor se rattache au groupe: celare qui veut dire : cacher, tenir secret, d\u00e9rober aux yeux, \u00e0 la connaissance\u2026Se peut-il que le mot couleur contienne le fabuleux secret de la cr\u00e9ation du monde et que ce myst\u00e8re doive rester \u00e0 jamais inaccessible ?<\/p>\n<p>Les v\u00e9g\u00e9taux et leurs couleurs ont enracin\u00e9 leur \u00e9nergie au plus profond des tissus du vivant plan\u00e9taire. Dans le sang de l\u2019homme se glisse le sel de la mer qui fut autrefois notre m\u00e8re, mais coule aussi la lumi\u00e8re et l\u2019ombre de la plante\u2026<\/p>\n<p>Notre valeur commune c\u2019est la nature. Source de lumi\u00e8re, elle nous recentre dans l\u2019univers et nous invite \u00e0 la qu\u00eate du sens et dilate nos sens. Si nous restons \u00e0 son \u00e9coute, l\u2019ouverture qu\u2019elle donne sur l\u2019imaginaire, la spiritualit\u00e9 et la beaut\u00e9, peut nous aider \u00e0 cr\u00e9er une humanit\u00e9 respectueuse et harmonieuse.<\/p>\n<p>Avec l\u2019\u00e9mergence de la conscience, l\u2019\u00eatre a pu contempler le jardin. La relation de l\u2019art et de la beaut\u00e9 de l\u2019univers est aussi vieille que l\u2019humanit\u00e9. Associant des couleurs et en alignant des mots, explique l\u2019astrophysicien Hubert Reeves, l\u2019homme poursuit l\u2019activit\u00e9 cr\u00e9atrice que la nature d\u00e9ploie depuis 15 milliards d\u2019ann\u00e9es.<\/p>\n<p>Je me rappelle les tatouages sur la peau d&rsquo;un homme Maori en Nouvelles Z\u00e9lande. Le dessin semblait \u00eatre inspir\u00e9 par un tronc de foug\u00e8re arborescente et il aurait pu \u00eatre interpr\u00e9t\u00e9 ainsi : \u00ab\u00a0Je suis la foug\u00e8re, je suis l&rsquo;arbre; la nature est moi, et je suis la nature&#8230;\u00a0\u00bb Alors je me suis fait cette r\u00e9flexion: \u00a0\u00bb Cet homme Maori porte sur lui les signes inscrits dans la m\u00e9moire collective, il a trac\u00e9 sur sa peau ce que savaient les anciens: la nature fait partie de nous, elle est ind\u00e9l\u00e9bile et c\u2019est quelque chose que je ne dois jamais oublier ! \u00bb<br \/>\nPort\u00e9e par cette r\u00e9v\u00e9lation, le d\u00e9sir d&rsquo;explorer cette m\u00e9moire m\u2019est venue.<br \/>\n\u00c0 travers mes peintures et mes sculptures \u00e0 l\u2019instar du conteur, je tente de faire resurgir des images du pass\u00e9, que j\u2019imagine profond\u00e9ment ancr\u00e9es dans notre corps. Je cherche \u00e0 faire revivre ce que nous n\u2019avons pas connu mais qui est enfui au tr\u00e9fonds de notre \u00e2me. Les similitudes entre l\u2019homme et la plante ne s\u2019offre pas d&#8217;embl\u00e9e, au regard, puisque les empreintes ancestrales sont cach\u00e9es sous le voile silencieux de la nature. Pourtant, notre savoir est li\u00e9 \u00e0 quelques petites choses pr\u00e8s de nos yeux. Je pense au sel de nos larmes, souvenir d\u2019un temps r\u00e9volu, \u00e0 la similitude de la palme de notre main qui s\u2019ouvre et se referme pareil \u00e0 une fleur, \u00e0 nos cinq doigts et aux cinq p\u00e9tales du bouton d\u2019or ou aux bras d\u2019une \u00e9toile, \u00e0 nos veines et aux rameaux des arbres, \u00e0 nos os et \u00e0 la pierre. La nature a d\u00e9pos\u00e9 des signatures au c\u0153ur des choses. Elle s\u2019inscrit en l\u2019\u00eatre humain et l\u2019\u00eatre humain s\u2019inscrit en elle.<\/p>\n<p>Dans l\u2019imagerie de mes oeuvres, les corps de mes myst\u00e9rieuses divinit\u00e9s incarnent le principe f\u00e9minin d\u2019o\u00f9 d\u00e9coule toute f\u00e9condit\u00e9 et toute force cr\u00e9atrice. Elles repr\u00e9sentent la cr\u00e9ation de l\u2019univers et les forces immanentes \u00e0 la vie sur terre. Mes d\u00e9esses sont le point de convergence du monde qui les entoure, c\u2019est-\u00e0-dire du r\u00e8gne v\u00e9g\u00e9tal, animal et min\u00e9ral. En somme, elles sont les m\u00e8res de la nature toute enti\u00e8re, et me font renouer avec les traces silencieuses de l\u2019\u00e9coulement des \u00e2ges.<br \/>\nDans ma peinture, une m\u00e9taphore en appelle une nouvelle. Des images in\u00e9puisables m\u2019immergent, d\u00e9voilant le message de l\u2019invisible. Le pied devient racine, la chevelure feuillage et les bras des rameaux. J\u2019invente des tatouages de branches fleuries. Sensuelles, les lianes embrassent les corps, la s\u00e8ve jaune de l\u2019herbe coule sous la peau des visages. Je me figure des coiffures insolites. J\u2019ai envie que les oiseaux viennent se poser dans les branchages de nos cheveux,que les merles ou les moineaux viennent s\u2019y nicher\u2026 Je m\u2019\u00e9merveille devant les proportions divines du coquillage et de l\u2019escargot. La nature, sublime et g\u00e9n\u00e9reuse, envahie mes sens et je deviens esth\u00e8te, toute \u00e0 la contemplation de cette magnificence.<\/p>\n<p>Enfant, les plantes et les animaux m\u2019ont nourrie, dans les deux sens du terme. Car ils ont aussi aliment\u00e9 mon imagination : la m\u00e9sange, l\u2019orchid\u00e9e sauvage, la baleine, le grizzly&#8230; Autant d\u2019\u00e9motions encore vivaces!<\/p>\n<p>Pour les enfants \u00e0 venir nous nous devons de prot\u00e9ger ce patrimoine naturel et culturel.<br \/>\n\u00c0 chaque disparition d\u2019esp\u00e8ce, l\u2019homme mutile profond\u00e9ment son imaginaire. Avec les ours blancs, il perd un morceau de sa fantaisie. Avec le s\u00e9quoia g\u00e9ant, il ampute sa propre libert\u00e9\u2026<\/p>\n<p>MacMillan, ornithologue am\u00e9ricain du d\u00e9but du 19e si\u00e8cle, alertait d\u00e9j\u00e0 le monde en \u00e9crivant :<br \/>\n\u00ab Il faut sauver les condors non pas seulement parce que nous avons besoin des condors, mais parce que nous avons besoin de d\u00e9velopper les qualit\u00e9s n\u00e9cessaires pour les sauver ; car ce sont ces qualit\u00e9s-l\u00e0 dont nous aurons besoin pour nous sauver nous-m\u00eames. \u00bb<\/p>\n<p><a href=\"https:\/\/corinneboureau.nl.server18.firstfind.nl\/wp-content\/uploads\/2014\/09\/corinneboureau_logo.png\"><img loading=\"lazy\" decoding=\"async\" class=\"alignleft wp-image-96 size-medium\" src=\"https:\/\/corinneboureau.nl.server18.firstfind.nl\/wp-content\/uploads\/2014\/09\/corinneboureau_logo-300x41.png\" alt=\"corinneboureau_logo\" width=\"300\" height=\"41\" srcset=\"https:\/\/corinneboureau.nl\/wp-content\/uploads\/2014\/09\/corinneboureau_logo-300x41.png 300w, https:\/\/corinneboureau.nl\/wp-content\/uploads\/2014\/09\/corinneboureau_logo-495x70.png 495w, https:\/\/corinneboureau.nl\/wp-content\/uploads\/2014\/09\/corinneboureau_logo-450x62.png 450w, https:\/\/corinneboureau.nl\/wp-content\/uploads\/2014\/09\/corinneboureau_logo.png 505w\" sizes=\"auto, (max-width: 300px) 100vw, 300px\" \/><\/a><\/p>\n<\/div><\/section><\/div><\/p>\n","protected":false},"excerpt":{"rendered":"","protected":false},"author":3,"featured_media":0,"parent":0,"menu_order":0,"comment_status":"open","ping_status":"open","template":"","meta":{"_exactmetrics_skip_tracking":false,"_exactmetrics_sitenote_active":false,"_exactmetrics_sitenote_note":"","_exactmetrics_sitenote_category":0,"footnotes":""},"class_list":["post-157","page","type-page","status-publish","hentry"],"yoast_head":"<!-- This site is optimized with the Yoast SEO plugin v27.3 - https:\/\/yoast.com\/product\/yoast-seo-wordpress\/ -->\n<title>Artiestenverklaring - Corinne Boureau<\/title>\n<meta name=\"robots\" content=\"index, follow, max-snippet:-1, max-image-preview:large, max-video-preview:-1\" \/>\n<link rel=\"canonical\" href=\"https:\/\/corinneboureau.nl\/fr\/artiestenverklaring\/\" \/>\n<meta property=\"og:locale\" content=\"fr_FR\" \/>\n<meta property=\"og:type\" content=\"article\" \/>\n<meta property=\"og:title\" content=\"Artiestenverklaring - Corinne Boureau\" \/>\n<meta property=\"og:url\" content=\"https:\/\/corinneboureau.nl\/fr\/artiestenverklaring\/\" \/>\n<meta property=\"og:site_name\" content=\"Corinne Boureau\" \/>\n<meta property=\"article:modified_time\" content=\"2024-02-09T15:12:32+00:00\" \/>\n<meta property=\"og:image\" content=\"https:\/\/corinneboureau.nl.server18.firstfind.nl\/wp-content\/uploads\/2014\/09\/Don-Quichotte-200-250.jpg\" \/>\n<meta name=\"twitter:label1\" content=\"Dur\u00e9e de lecture estim\u00e9e\" \/>\n\t<meta name=\"twitter:data1\" content=\"9 minutes\" \/>\n<script type=\"application\/ld+json\" class=\"yoast-schema-graph\">{\"@context\":\"https:\\\/\\\/schema.org\",\"@graph\":[{\"@type\":\"WebPage\",\"@id\":\"https:\\\/\\\/corinneboureau.nl\\\/fr\\\/artiestenverklaring\\\/\",\"url\":\"https:\\\/\\\/corinneboureau.nl\\\/fr\\\/artiestenverklaring\\\/\",\"name\":\"Artiestenverklaring - Corinne Boureau\",\"isPartOf\":{\"@id\":\"https:\\\/\\\/corinneboureau.nl\\\/#website\"},\"primaryImageOfPage\":{\"@id\":\"https:\\\/\\\/corinneboureau.nl\\\/fr\\\/artiestenverklaring\\\/#primaryimage\"},\"image\":{\"@id\":\"https:\\\/\\\/corinneboureau.nl\\\/fr\\\/artiestenverklaring\\\/#primaryimage\"},\"thumbnailUrl\":\"https:\\\/\\\/corinneboureau.nl.server18.firstfind.nl\\\/wp-content\\\/uploads\\\/2014\\\/09\\\/Don-Quichotte-200-250.jpg\",\"datePublished\":\"2014-09-30T18:11:30+00:00\",\"dateModified\":\"2024-02-09T15:12:32+00:00\",\"breadcrumb\":{\"@id\":\"https:\\\/\\\/corinneboureau.nl\\\/fr\\\/artiestenverklaring\\\/#breadcrumb\"},\"inLanguage\":\"fr-FR\",\"potentialAction\":[{\"@type\":\"ReadAction\",\"target\":[\"https:\\\/\\\/corinneboureau.nl\\\/fr\\\/artiestenverklaring\\\/\"]}]},{\"@type\":\"ImageObject\",\"inLanguage\":\"fr-FR\",\"@id\":\"https:\\\/\\\/corinneboureau.nl\\\/fr\\\/artiestenverklaring\\\/#primaryimage\",\"url\":\"https:\\\/\\\/corinneboureau.nl.server18.firstfind.nl\\\/wp-content\\\/uploads\\\/2014\\\/09\\\/Don-Quichotte-200-250.jpg\",\"contentUrl\":\"https:\\\/\\\/corinneboureau.nl.server18.firstfind.nl\\\/wp-content\\\/uploads\\\/2014\\\/09\\\/Don-Quichotte-200-250.jpg\"},{\"@type\":\"BreadcrumbList\",\"@id\":\"https:\\\/\\\/corinneboureau.nl\\\/fr\\\/artiestenverklaring\\\/#breadcrumb\",\"itemListElement\":[{\"@type\":\"ListItem\",\"position\":1,\"name\":\"Home\",\"item\":\"https:\\\/\\\/corinneboureau.nl\\\/fr\\\/\"},{\"@type\":\"ListItem\",\"position\":2,\"name\":\"Artiestenverklaring\"}]},{\"@type\":\"WebSite\",\"@id\":\"https:\\\/\\\/corinneboureau.nl\\\/#website\",\"url\":\"https:\\\/\\\/corinneboureau.nl\\\/\",\"name\":\"Corinne Boureau\",\"description\":\"\",\"potentialAction\":[{\"@type\":\"SearchAction\",\"target\":{\"@type\":\"EntryPoint\",\"urlTemplate\":\"https:\\\/\\\/corinneboureau.nl\\\/?s={search_term_string}\"},\"query-input\":{\"@type\":\"PropertyValueSpecification\",\"valueRequired\":true,\"valueName\":\"search_term_string\"}}],\"inLanguage\":\"fr-FR\"}]}<\/script>\n<!-- \/ Yoast SEO plugin. -->","yoast_head_json":{"title":"Artiestenverklaring - Corinne Boureau","robots":{"index":"index","follow":"follow","max-snippet":"max-snippet:-1","max-image-preview":"max-image-preview:large","max-video-preview":"max-video-preview:-1"},"canonical":"https:\/\/corinneboureau.nl\/fr\/artiestenverklaring\/","og_locale":"fr_FR","og_type":"article","og_title":"Artiestenverklaring - Corinne Boureau","og_url":"https:\/\/corinneboureau.nl\/fr\/artiestenverklaring\/","og_site_name":"Corinne Boureau","article_modified_time":"2024-02-09T15:12:32+00:00","og_image":[{"url":"https:\/\/corinneboureau.nl.server18.firstfind.nl\/wp-content\/uploads\/2014\/09\/Don-Quichotte-200-250.jpg","type":"","width":"","height":""}],"twitter_misc":{"Dur\u00e9e de lecture estim\u00e9e":"9 minutes"},"schema":{"@context":"https:\/\/schema.org","@graph":[{"@type":"WebPage","@id":"https:\/\/corinneboureau.nl\/fr\/artiestenverklaring\/","url":"https:\/\/corinneboureau.nl\/fr\/artiestenverklaring\/","name":"Artiestenverklaring - Corinne Boureau","isPartOf":{"@id":"https:\/\/corinneboureau.nl\/#website"},"primaryImageOfPage":{"@id":"https:\/\/corinneboureau.nl\/fr\/artiestenverklaring\/#primaryimage"},"image":{"@id":"https:\/\/corinneboureau.nl\/fr\/artiestenverklaring\/#primaryimage"},"thumbnailUrl":"https:\/\/corinneboureau.nl.server18.firstfind.nl\/wp-content\/uploads\/2014\/09\/Don-Quichotte-200-250.jpg","datePublished":"2014-09-30T18:11:30+00:00","dateModified":"2024-02-09T15:12:32+00:00","breadcrumb":{"@id":"https:\/\/corinneboureau.nl\/fr\/artiestenverklaring\/#breadcrumb"},"inLanguage":"fr-FR","potentialAction":[{"@type":"ReadAction","target":["https:\/\/corinneboureau.nl\/fr\/artiestenverklaring\/"]}]},{"@type":"ImageObject","inLanguage":"fr-FR","@id":"https:\/\/corinneboureau.nl\/fr\/artiestenverklaring\/#primaryimage","url":"https:\/\/corinneboureau.nl.server18.firstfind.nl\/wp-content\/uploads\/2014\/09\/Don-Quichotte-200-250.jpg","contentUrl":"https:\/\/corinneboureau.nl.server18.firstfind.nl\/wp-content\/uploads\/2014\/09\/Don-Quichotte-200-250.jpg"},{"@type":"BreadcrumbList","@id":"https:\/\/corinneboureau.nl\/fr\/artiestenverklaring\/#breadcrumb","itemListElement":[{"@type":"ListItem","position":1,"name":"Home","item":"https:\/\/corinneboureau.nl\/fr\/"},{"@type":"ListItem","position":2,"name":"Artiestenverklaring"}]},{"@type":"WebSite","@id":"https:\/\/corinneboureau.nl\/#website","url":"https:\/\/corinneboureau.nl\/","name":"Corinne Boureau","description":"","potentialAction":[{"@type":"SearchAction","target":{"@type":"EntryPoint","urlTemplate":"https:\/\/corinneboureau.nl\/?s={search_term_string}"},"query-input":{"@type":"PropertyValueSpecification","valueRequired":true,"valueName":"search_term_string"}}],"inLanguage":"fr-FR"}]}},"_links":{"self":[{"href":"https:\/\/corinneboureau.nl\/fr\/wp-json\/wp\/v2\/pages\/157","targetHints":{"allow":["GET"]}}],"collection":[{"href":"https:\/\/corinneboureau.nl\/fr\/wp-json\/wp\/v2\/pages"}],"about":[{"href":"https:\/\/corinneboureau.nl\/fr\/wp-json\/wp\/v2\/types\/page"}],"author":[{"embeddable":true,"href":"https:\/\/corinneboureau.nl\/fr\/wp-json\/wp\/v2\/users\/3"}],"replies":[{"embeddable":true,"href":"https:\/\/corinneboureau.nl\/fr\/wp-json\/wp\/v2\/comments?post=157"}],"version-history":[{"count":19,"href":"https:\/\/corinneboureau.nl\/fr\/wp-json\/wp\/v2\/pages\/157\/revisions"}],"predecessor-version":[{"id":1996,"href":"https:\/\/corinneboureau.nl\/fr\/wp-json\/wp\/v2\/pages\/157\/revisions\/1996"}],"wp:attachment":[{"href":"https:\/\/corinneboureau.nl\/fr\/wp-json\/wp\/v2\/media?parent=157"}],"curies":[{"name":"wp","href":"https:\/\/api.w.org\/{rel}","templated":true}]}}