{"id":159,"date":"2014-09-30T19:11:46","date_gmt":"2014-09-30T18:11:46","guid":{"rendered":"http:\/\/corinneboureau.nl.server18.firstfind.nl\/?page_id=159"},"modified":"2019-10-22T15:20:20","modified_gmt":"2019-10-22T14:20:20","slug":"exposities","status":"publish","type":"page","link":"https:\/\/corinneboureau.nl\/fr\/exposities\/","title":{"rendered":"Expositions"},"content":{"rendered":"<h3>Expositions<\/h3>\n<ul>\n<li>Exposition \u00a0\u00bb Joy \u00a0\u00bb <strong>Art Center Horus<\/strong>, avec Corinne Boureau, Lothar, Luo Li Rong, 01.11.19 \u00a0\/ \u00a001.12.19, vernissage Latem : 1, 2, 3 novembre 2019<\/li>\n<li>Exposition \u00a0\u00bb Portes ouvertes \u00a0\u00bb <strong>Art Center Horus en Modus 8<\/strong>, 07-08\/10 en 14-15\/19<\/li>\n<li>Exposition\u00a0 22 avril 2018, <strong>Art Center HOres &amp; MOdus 8<\/strong> Latemstraat 5-8 9830 Sint-Martens-Latem, Gand<\/li>\n<li>Exposition \u00a0\u00bb Spring Time \u00a0\u00bb 7 avril \/ 3 juin 2018,\u00a0 <strong>Galerie lijn 3<\/strong>, parc de sculptures, Geersdijk, Pays-Bas<\/li>\n<li>Exposition \u00a0\u00bb Envol\u00e9e \u00a0\u00bb\u00a0 et sculptrice Luo Li Rong, galerie <strong>Art Center HOres<\/strong> Latem &#8211; Du 12 novembre 2016 au 15 janvier 2017<\/li>\n<li>Exposition \u00a0\u00bb \u00catre femme\u00a0\u00bb galerie <strong>Art Center HOres<\/strong> Latem 10-09-2016 au 11-09-2016<\/li>\n<li><\/li>\n<li><strong>Depuis juillet 2016, mes oeuvres sont repr\u00e9sent\u00e9es en exclusivit\u00e9 par la galerie Art Center HOres \u00e0 Sint-Martens-Latem (Gand) et Knokke, Belgique<\/strong><\/li>\n<li><\/li>\n<li>Rencontre d\u00e9dicace \u00a0\u00bb S\u00e9raphine de Senlis, le souffle de l&rsquo;ange \u00a0\u00bb (janvier 2014): Librairie Jansen &amp; de Feijter, Velp, Pays-Bas<\/li>\n<li>2013 &#8211; LE CARROUSEL DU LOUVRE, Salon Art Shopping, 26 &amp; 27 octobre, rue Rivoli Paris<\/li>\n<li>2013 &#8211; Galerie Rudolfv, Amsterdam. 1 dec 2012 \/14 janvier<\/li>\n<li>2012 &#8211; Septembre, Vesigr\u00e0d, Hongrie, Invit\u00e9e \u00e0 participer au congr\u00e8s &lsquo;Sprirituality and Sustainability&rsquo; sur l&rsquo;art, la spiritualit\u00e9 et la durabilit\u00e9. Publication de mon speech \u00a0\u00bb Notre lumi\u00e8re commune \u00a0\u00bb dans la revue scientifique ERENET, Hongrie, mars 2013: <a href=\"http:\/\/www.erenet.org\/\" target=\"_blank\" rel=\"noopener noreferrer\">www.erenet.org<\/a><\/li>\n<li>Exposition permanente &lsquo;Het Bovenhyus&rsquo; Doesburg ( 2012 &#8211; juillet 2016 )<\/li>\n<li>2012 &#8211; Juin, Galerie &lsquo; De oude Apotheek&rsquo; Zutphen<\/li>\n<li>2012 &#8211; F\u00e9vrier, Mai &lsquo;Het Bovenhyus&rsquo; Doesburg<\/li>\n<li>2011 &#8211; Raadskelder, Sadhuis Doesburg<\/li>\n<li>Livre \u00a0\u00bb CRACHAT DE LUNE \u00a0\u00bb fable \u00e9cologique<\/li>\n<li>2010 &#8211; Beacon Art Shortwave Gallery, Stone Harbor, U.S.A.<\/li>\n<li>2009 &#8211; Galerie Crisolart , Barcelona Award, Espagne<\/li>\n<li>2009 &#8211; Galerie 125, Trenton U.S.A.<\/li>\n<li>2009 &#8211; \u00ab\u00a0Yssel en image\u00a0\u00bb Museum Zutphen, St.Walburgiskerk, Pays-Bas<\/li>\n<li>2009 &#8211; Primavera, Salon d&rsquo;Art et Antique, Rotterdam<\/li>\n<li>2009 &#8211; Raadskelder, Doesburg, Pays-Bas<\/li>\n<li>2008 &#8211; Galerie Rudolfv, Amsterdam<\/li>\n<li>2008 &#8211; Museum of the America&rsquo;s Dural\/ Miami Florida<\/li>\n<li>2008 &#8211; <a href=\"http:\/\/www.agora-gallery.com\/artistpage\/corinne_boureau.aspx\" target=\"_blank\" rel=\"noopener noreferrer\">Agora Gallery, New York<\/a><\/li>\n<\/ul>\n<p style=\"padding-left: 60px;\">Corinne Boureau fancifully pairs her portraits with elements of nature to create works steeped in magical realism. Two people, each having grown antlers, butt heads like rival stags. From the mouths of two other people, sprout branches on which birds perch. When several other individuals open their mouths, birds escape like songs. In other instances, butterflies from clothes for the naked or become hairstyles reminiscent of the exquisite styles found in Sophia Coppola&rsquo;s Marie Antoinette. Beyond just animal life, plant life grows like sinewy veins and clothing adornment throughout Boureau&rsquo;s work.<\/p>\n<p style=\"padding-left: 60px;\">Utilizing acryli and emulsion on wood, Boureau keeps an artful balance of composition. Her works are intricate line drawings a top a blank background. Without any complicated backdrops to contend with, her illustrations really pop off the matte surface. Though the illustrations themselves are whimsical, the color palette is understated and muted. Tawny reds and fluid ceruleans scratch<br \/>\nand bleed into the otherwise gray background. As such, her art exudes a zen-like tranquility while still imparting liveliness&#8230;\u00a0\u00bb<\/p>\n<ul>\n<li>2007 &#8211; Galerie Rudolfv, Amsterdam<\/li>\n<li>2006 &#8211; MIAD Santa Fe 2006, Argentine<\/li>\n<li>2006 &#8211; Lessedra Gallery, Sofia\/ Bulgarie<\/li>\n<li>2005 &#8211; Galerie \u2018Cygnus&rsquo;, Velp, Pays-Bas<\/li>\n<li>2005 &#8211; Gufan Gallery, Beijing, Bird International Art Award, China<\/li>\n<li>2004 &#8211; Jansen &amp; de Feijter, Velp, Pays-Bas<\/li>\n<li>2003 &#8211; Martinikerk, Doesburg, Pays-Bas<\/li>\n<li>\u00a01998 &#8211; Jansen &amp; de Feijter, Velp, Pays-Bas<\/li>\n<li>1995 &#8211; Galerie \u2018Kralingen&rsquo;, Rotterdam<\/li>\n<li>1994 &#8211; Galerie \u2018Pictura&rsquo;, Dordrecht, Pays-Bas<\/li>\n<li>1993 &#8211; \u2018De Holland&rsquo; Art Gallery, Bijenkorf, Rotterdam<\/li>\n<li>1992 &#8211; Galerie \u2018Pictura&rsquo;, Dordrecht, Pays-Bas<\/li>\n<li>1992 &#8211; Lotus Gallery, Amsterdam<\/li>\n<li>1991 &#8211; Galerie \u2018La Maison du Saumon&rsquo;, Chartres<\/li>\n<li>1991 &#8211; Galerie \u2018Pictura&rsquo;, Dordrecht, Pays-Bas<\/li>\n<li>1991 &#8211; Galerie \u2018De Studio&rsquo;, Rotterdam<\/li>\n<li>1990 &#8211; Hotel Zeeland, Terneuzen, Pays-Bas<\/li>\n<li>1990 &#8211; Galerie \u2018Trouvaille&rsquo;, Terneuzen, Pays-Bas<\/li>\n<li>1989 &#8211; Galerie \u2018De Oliphant&rsquo;, met RKG ( Collectif \u2018Het Rotterdams Kunstgesticht&rsquo;, Rotterdam<\/li>\n<li>1989 &#8211; Galerie \u2018Trouvaille&rsquo;, Terneuzen, Pays-Bas<\/li>\n<li>1989 &#8211; Zwembad Kralingen, avec RKG, Rotterdam<\/li>\n<li>1988 &#8211; Centre de l&rsquo;Art, avec RKG, Rotterdam<\/li>\n<li>\u00a01988 &#8211; \u20181e Bienale de L&rsquo;estampe&rsquo;, Perpignan<\/li>\n<li>1987 &#8211; Galerie \u2018Tussenwater&rsquo;, avec RKG, Rotterdam<\/li>\n<li>1986 &#8211; Hotel Central, Rotterdam<\/li>\n<li>1986 &#8211; Galerie \u2018Roeland&rsquo;, avec RKG, Den Haag<\/li>\n<li>1985 &#8211; Biblioth\u00e8que Centrale, \u2018Art entre les livres&rsquo;, Rotterdam<\/li>\n<li>\u00a01985 &#8211; Biblioth\u00e8que Centrale, avec RKG Rotterdam<\/li>\n<li>1985 &#8211; Centre d&rsquo;Art, Rotterdam<\/li>\n<li>\u00a01985 &#8211; Galerie \u2018Tussenwater&rsquo;, Rotterdam<\/li>\n<li>1984 &#8211; Salvador Allende Centrum, Rotterdam,<\/li>\n<\/ul>\n<h3>Commandes:<\/h3>\n<ul>\n<li>1983 \/ 1989 &#8211; Livres d\u2018artistes \u00e0 tirages limit\u00e9s par l&rsquo;atelier \u2018Het Rotterdams Kunstgesticht&rsquo; : (RKG)<\/li>\n<li>1983 \/ 1989 &#8211; Diff\u00e9rentes commandes de la ville de Rotterdam.<\/li>\n<li>R\u00e9alisation du recueil bibliophile pour le festival de la po\u00e9sie, \u2018Poetry International&rsquo; de Rotterdam : Po\u00e8tes : Harry ter Balkt, Hans Tentije, Stefan Hertmans, Geert van Istendael, Illustrations : menbres du RKG<\/li>\n<li>Commande de l&rsquo;organisation ROTEB: po\u00e8mes d&rsquo;auteurs du monde entier (invit\u00e9s au festival de la po\u00e9sie) appliqu\u00e9s sur les camions poubelles de Rotterdam.<\/li>\n<li>R\u00e9alisation de l&rsquo;\u0153uvre r\u00e9trospective de l&rsquo;artiste Piet Gootjes, Centre d&rsquo;Art de Rotterdam.<\/li>\n<li>1986 &#8211; Peinture murale d&rsquo;apr\u00e8s \u00e9bauche du peintre Silv\u00e8re Boureau ( New York )<\/li>\n<li>1987 &#8211; Commande de l&rsquo;organisation &lsquo;Kindertelefoon&rsquo;, Rotterdam.<\/li>\n<li>1987 &#8211; Peinture murale d&rsquo;apr\u00e8s l&rsquo;\u00e9bauche du peintre Silv\u00e8re Boureau (New York )<\/li>\n<li>1989 &#8211; Commande de l&rsquo;organisation des sports de Kralingen, Rotterdam.<\/li>\n<li>1990 &#8211; FONDATION MAISON D&rsquo;EDITION : Nomino\u00eb<\/li>\n<li>1990 \/ 1996 Editions bibliophiles par Nomino\u00eb:<\/li>\n<li>MAHABARATA: texte: Mia Palermo, gravures et mise en page : Corinne Boureau<\/li>\n<li>DEZE DAG IS HEILIG: (\u2018Ce jour est sacr\u00e9&rsquo;) po\u00e8mes de Theo Vesseur, papier: V\u00e9ronique Declerq, mise en page: Corinne Boureau<\/li>\n<li>DODENDANS VAN DE ZON: (\u2018La danse macabre du soleil&rsquo;) \u00e9pop\u00e9e du po\u00e8te Touareg, calligraphe et philosophe Hawad, gravures et mise en page: Corinne Boureau, traduction: Kitty Notenboom.<\/li>\n<li>GRAFIEK CASSETTE: gravures sur bois: Diana van Hal, illustrations: Marita Drent, mis en page: Corinne Boureau<\/li>\n<li>TOTDAT IK TERUGKEER: (\u2018Jusqu&rsquo;\u00e0 mon retour&rsquo;) po\u00e8mes: Jacque Devillee, illustrations et mise en page: Corinne Boureau<\/li>\n<li>RUIMTE MAAKT ZICH ZICHTBAAR: (\u2018L&rsquo;espace se fait visible&rsquo;) ha\u00efkus du po\u00e8te Cobra Bert Schierbeek, illustrations: Raymond Koop, mise en page: Corinne Boureau<\/li>\n<li>HORIZON VAN EEN NOMADE: ( L&rsquo;horizon d&rsquo;un Nomade&rsquo;) Hawad (r\u00e9flexion sur la calligraphie, dialogue avec H\u00e9l\u00e8ne Claudot) calligraphies: Hawad, mise en page: Corinne Boureau<\/li>\n<li>MWANA O: chansons du po\u00e8te, compositeur, \u00e9crivain, Francis Bebey (Cameroun), traduction: Kitty Notenboom, illustrations et mise en page: Corinne Boureau<\/li>\n<li>&lsquo;La danse macabre du soleil&rsquo; &lsquo;L&rsquo;espace se fait visible&rsquo;<\/li>\n<li>1993 &#8211; Commande peinture murale (Rotterdam)<\/li>\n<li>1997 &#8211; Commande peinture ( Ammerstol ) Pays-Bas<\/li>\n<li>1997 &#8211; Commande entreprise \u2018GIBO Groep&rsquo; Accountants &amp; Adviseurs ( Velp ), Pays-Bas<\/li>\n<li>1998 &#8211; Commande entreprise \u2018Financiele Analisten&rsquo; (Velp), Pays-bas<\/li>\n<li>1999 &#8211; Commande peinture, particulier (Oosterbeek), Pays-Bas<\/li>\n<li>2001 &#8211; Commande entreprise \u2018Financiele Analisten&rsquo; (Velp), Pays-Bas<\/li>\n<li>2002 &#8211; Commande murale, entreprise \u2018Financiele Analisten&rsquo; (Velp), Pays-Bas<\/li>\n<li>\u00a02002 &#8211; Commande peinture \/ vitraux, particulier, (Amsterdam)<\/li>\n<li>2003 &#8211; Commande peinture, particulier, (Oegstgeest), Pays-Bas<\/li>\n<li>2004 &#8211; Commande entreprise \u2018Ext\u00e9 Groep&rsquo; (Leeuwarden), Pays-Bas<\/li>\n<li>2004 &#8211; Commande entreprise \u2018Ext\u00e9 Groep&rsquo;, (Velp)<\/li>\n<li>2005 &#8211; Peinture murale d&rsquo;apr\u00e8s \u00e9bauche du peintre Silv\u00e8re Boureau (Philadelphia), U.S.A<\/li>\n<li>2010 &#8211; Commande entreprise \u2018Oopen BV&rsquo;, (Appeldorn), Pays-Bas<\/li>\n<\/ul>\n","protected":false},"excerpt":{"rendered":"<p>Expositions Exposition \u00a0\u00bb Joy \u00a0\u00bb Art Center Horus, avec Corinne Boureau, Lothar, Luo Li Rong, 01.11.19 \u00a0\/ \u00a001.12.19, vernissage Latem : 1, 2, 3 novembre 2019 Exposition \u00a0\u00bb Portes ouvertes \u00a0\u00bb Art Center Horus en Modus 8, 07-08\/10 en 14-15\/19 Exposition\u00a0 22 avril 2018, Art Center HOres &amp; MOdus 8 Latemstraat 5-8 9830 Sint-Martens-Latem, Gand [&hellip;]<\/p>\n","protected":false},"author":3,"featured_media":0,"parent":0,"menu_order":0,"comment_status":"open","ping_status":"open","template":"","meta":{"_exactmetrics_skip_tracking":false,"_exactmetrics_sitenote_active":false,"_exactmetrics_sitenote_note":"","_exactmetrics_sitenote_category":0,"footnotes":""},"class_list":["post-159","page","type-page","status-publish","hentry"],"yoast_head":"<!-- This site is optimized with the Yoast SEO plugin v27.4 - https:\/\/yoast.com\/product\/yoast-seo-wordpress\/ -->\n<title>Expositions - Corinne Boureau<\/title>\n<meta name=\"robots\" content=\"index, follow, max-snippet:-1, max-image-preview:large, max-video-preview:-1\" \/>\n<link rel=\"canonical\" href=\"https:\/\/corinneboureau.nl\/fr\/exposities\/\" \/>\n<meta property=\"og:locale\" content=\"fr_FR\" \/>\n<meta property=\"og:type\" content=\"article\" \/>\n<meta property=\"og:title\" content=\"Expositions - Corinne Boureau\" \/>\n<meta property=\"og:description\" content=\"Expositions Exposition \u00a0\u00bb Joy \u00a0\u00bb Art Center Horus, avec Corinne Boureau, Lothar, Luo Li Rong, 01.11.19 \u00a0\/ \u00a001.12.19, vernissage Latem : 1, 2, 3 novembre 2019 Exposition \u00a0\u00bb Portes ouvertes \u00a0\u00bb Art Center Horus en Modus 8, 07-08\/10 en 14-15\/19 Exposition\u00a0 22 avril 2018, Art Center HOres &amp; MOdus 8 Latemstraat 5-8 9830 Sint-Martens-Latem, Gand [&hellip;]\" \/>\n<meta property=\"og:url\" content=\"https:\/\/corinneboureau.nl\/fr\/exposities\/\" \/>\n<meta property=\"og:site_name\" content=\"Corinne Boureau\" \/>\n<meta property=\"article:modified_time\" content=\"2019-10-22T14:20:20+00:00\" \/>\n<meta name=\"twitter:label1\" content=\"Dur\u00e9e de lecture estim\u00e9e\" \/>\n\t<meta name=\"twitter:data1\" content=\"5 minutes\" \/>\n<script type=\"application\/ld+json\" class=\"yoast-schema-graph\">{\"@context\":\"https:\\\/\\\/schema.org\",\"@graph\":[{\"@type\":\"WebPage\",\"@id\":\"https:\\\/\\\/corinneboureau.nl\\\/fr\\\/exposities\\\/\",\"url\":\"https:\\\/\\\/corinneboureau.nl\\\/fr\\\/exposities\\\/\",\"name\":\"Expositions - Corinne Boureau\",\"isPartOf\":{\"@id\":\"https:\\\/\\\/corinneboureau.nl\\\/#website\"},\"datePublished\":\"2014-09-30T18:11:46+00:00\",\"dateModified\":\"2019-10-22T14:20:20+00:00\",\"breadcrumb\":{\"@id\":\"https:\\\/\\\/corinneboureau.nl\\\/fr\\\/exposities\\\/#breadcrumb\"},\"inLanguage\":\"fr-FR\",\"potentialAction\":[{\"@type\":\"ReadAction\",\"target\":[\"https:\\\/\\\/corinneboureau.nl\\\/fr\\\/exposities\\\/\"]}]},{\"@type\":\"BreadcrumbList\",\"@id\":\"https:\\\/\\\/corinneboureau.nl\\\/fr\\\/exposities\\\/#breadcrumb\",\"itemListElement\":[{\"@type\":\"ListItem\",\"position\":1,\"name\":\"Home\",\"item\":\"https:\\\/\\\/corinneboureau.nl\\\/fr\\\/\"},{\"@type\":\"ListItem\",\"position\":2,\"name\":\"Expositions\"}]},{\"@type\":\"WebSite\",\"@id\":\"https:\\\/\\\/corinneboureau.nl\\\/#website\",\"url\":\"https:\\\/\\\/corinneboureau.nl\\\/\",\"name\":\"Corinne Boureau\",\"description\":\"\",\"potentialAction\":[{\"@type\":\"SearchAction\",\"target\":{\"@type\":\"EntryPoint\",\"urlTemplate\":\"https:\\\/\\\/corinneboureau.nl\\\/?s={search_term_string}\"},\"query-input\":{\"@type\":\"PropertyValueSpecification\",\"valueRequired\":true,\"valueName\":\"search_term_string\"}}],\"inLanguage\":\"fr-FR\"}]}<\/script>\n<!-- \/ Yoast SEO plugin. -->","yoast_head_json":{"title":"Expositions - Corinne Boureau","robots":{"index":"index","follow":"follow","max-snippet":"max-snippet:-1","max-image-preview":"max-image-preview:large","max-video-preview":"max-video-preview:-1"},"canonical":"https:\/\/corinneboureau.nl\/fr\/exposities\/","og_locale":"fr_FR","og_type":"article","og_title":"Expositions - Corinne Boureau","og_description":"Expositions Exposition \u00a0\u00bb Joy \u00a0\u00bb Art Center Horus, avec Corinne Boureau, Lothar, Luo Li Rong, 01.11.19 \u00a0\/ \u00a001.12.19, vernissage Latem : 1, 2, 3 novembre 2019 Exposition \u00a0\u00bb Portes ouvertes \u00a0\u00bb Art Center Horus en Modus 8, 07-08\/10 en 14-15\/19 Exposition\u00a0 22 avril 2018, Art Center HOres &amp; MOdus 8 Latemstraat 5-8 9830 Sint-Martens-Latem, Gand [&hellip;]","og_url":"https:\/\/corinneboureau.nl\/fr\/exposities\/","og_site_name":"Corinne Boureau","article_modified_time":"2019-10-22T14:20:20+00:00","twitter_misc":{"Dur\u00e9e de lecture estim\u00e9e":"5 minutes"},"schema":{"@context":"https:\/\/schema.org","@graph":[{"@type":"WebPage","@id":"https:\/\/corinneboureau.nl\/fr\/exposities\/","url":"https:\/\/corinneboureau.nl\/fr\/exposities\/","name":"Expositions - Corinne Boureau","isPartOf":{"@id":"https:\/\/corinneboureau.nl\/#website"},"datePublished":"2014-09-30T18:11:46+00:00","dateModified":"2019-10-22T14:20:20+00:00","breadcrumb":{"@id":"https:\/\/corinneboureau.nl\/fr\/exposities\/#breadcrumb"},"inLanguage":"fr-FR","potentialAction":[{"@type":"ReadAction","target":["https:\/\/corinneboureau.nl\/fr\/exposities\/"]}]},{"@type":"BreadcrumbList","@id":"https:\/\/corinneboureau.nl\/fr\/exposities\/#breadcrumb","itemListElement":[{"@type":"ListItem","position":1,"name":"Home","item":"https:\/\/corinneboureau.nl\/fr\/"},{"@type":"ListItem","position":2,"name":"Expositions"}]},{"@type":"WebSite","@id":"https:\/\/corinneboureau.nl\/#website","url":"https:\/\/corinneboureau.nl\/","name":"Corinne Boureau","description":"","potentialAction":[{"@type":"SearchAction","target":{"@type":"EntryPoint","urlTemplate":"https:\/\/corinneboureau.nl\/?s={search_term_string}"},"query-input":{"@type":"PropertyValueSpecification","valueRequired":true,"valueName":"search_term_string"}}],"inLanguage":"fr-FR"}]}},"_links":{"self":[{"href":"https:\/\/corinneboureau.nl\/fr\/wp-json\/wp\/v2\/pages\/159","targetHints":{"allow":["GET"]}}],"collection":[{"href":"https:\/\/corinneboureau.nl\/fr\/wp-json\/wp\/v2\/pages"}],"about":[{"href":"https:\/\/corinneboureau.nl\/fr\/wp-json\/wp\/v2\/types\/page"}],"author":[{"embeddable":true,"href":"https:\/\/corinneboureau.nl\/fr\/wp-json\/wp\/v2\/users\/3"}],"replies":[{"embeddable":true,"href":"https:\/\/corinneboureau.nl\/fr\/wp-json\/wp\/v2\/comments?post=159"}],"version-history":[{"count":14,"href":"https:\/\/corinneboureau.nl\/fr\/wp-json\/wp\/v2\/pages\/159\/revisions"}],"predecessor-version":[{"id":2040,"href":"https:\/\/corinneboureau.nl\/fr\/wp-json\/wp\/v2\/pages\/159\/revisions\/2040"}],"wp:attachment":[{"href":"https:\/\/corinneboureau.nl\/fr\/wp-json\/wp\/v2\/media?parent=159"}],"curies":[{"name":"wp","href":"https:\/\/api.w.org\/{rel}","templated":true}]}}