{"id":161,"date":"2014-09-30T19:12:02","date_gmt":"2014-09-30T18:12:02","guid":{"rendered":"http:\/\/corinneboureau.nl.server18.firstfind.nl\/?page_id=161"},"modified":"2015-07-27T11:30:35","modified_gmt":"2015-07-27T10:30:35","slug":"galerie","status":"publish","type":"page","link":"https:\/\/corinneboureau.nl\/fr\/galerie\/","title":{"rendered":"Galerie"},"content":{"rendered":"<div class='avia-gallery  avia-gallery-1 avia_lazyload avia-gallery-animate avia_animate_when_visible  avia-builder-el-0  avia-builder-el-no-sibling '  itemprop=\"image\" itemscope=\"itemscope\" itemtype=\"https:\/\/schema.org\/ImageObject\" ><div class='avia-gallery-thumb'> <a href='https:\/\/corinneboureau.nl\/wp-content\/uploads\/2014\/09\/Oiseau-perche\u0301-40-x-40cm-1030x993.jpg' data-rel='gallery-1' data-prev-img='https:\/\/corinneboureau.nl\/wp-content\/uploads\/2014\/09\/Oiseau-perche\u0301-40-x-40cm-495x400.jpg' class='first_thumb lightbox ' data-onclick='1' title='Oiseau perch\u00e9'  itemprop=\"thumbnailUrl\" ><img data-avia-tooltip='Oiseau perch\u00e9' src='https:\/\/corinneboureau.nl\/wp-content\/uploads\/2014\/09\/Oiseau-perche\u0301-40-x-40cm-180x180.jpg' width='180' height='180'  title='Oiseau perche\u0301 40 x 40cm' alt='' \/><\/a> <a href='https:\/\/corinneboureau.nl\/wp-content\/uploads\/2014\/09\/A-fleur-dailes-40-x-40cm-1030x1030.jpg' data-rel='gallery-1' data-prev-img='https:\/\/corinneboureau.nl\/wp-content\/uploads\/2014\/09\/A-fleur-dailes-40-x-40cm-495x400.jpg' class='lightbox ' data-onclick='2' title='\u00c0 fleur d&#039;ailes'  itemprop=\"thumbnailUrl\" ><img data-avia-tooltip='\u00c0 fleur d&rsquo;ailes' src='https:\/\/corinneboureau.nl\/wp-content\/uploads\/2014\/09\/A-fleur-dailes-40-x-40cm-180x180.jpg' width='180' height='180'  title='A fleur d&#039;ailes 40 x 40cm' alt='' \/><\/a> <a href='https:\/\/corinneboureau.nl\/wp-content\/uploads\/2014\/10\/Corail-40-x-40cm-1030x1021.jpg' data-rel='gallery-1' data-prev-img='https:\/\/corinneboureau.nl\/wp-content\/uploads\/2014\/10\/Corail-40-x-40cm-495x400.jpg' class='lightbox ' data-onclick='3' title='Corail      SOLD'  itemprop=\"thumbnailUrl\" ><img data-avia-tooltip='Corail      SOLD' src='https:\/\/corinneboureau.nl\/wp-content\/uploads\/2014\/10\/Corail-40-x-40cm-180x180.jpg' width='180' height='180'  title='Corail        Sold' alt='&quot; Corail &quot; Sold' \/><\/a> <a href='https:\/\/corinneboureau.nl\/wp-content\/uploads\/2014\/10\/Nid-dherbes-40-x-40-cm-1030x687.jpg' data-rel='gallery-1' data-prev-img='https:\/\/corinneboureau.nl\/wp-content\/uploads\/2014\/10\/Nid-dherbes-40-x-40-cm-495x400.jpg' class='lightbox ' data-onclick='4' title='&quot; Nid d&#039;herbes &quot;     SOLD'  itemprop=\"thumbnailUrl\" ><img data-avia-tooltip='\u00a0\u00bb Nid d&rsquo;herbes \u00a0\u00bb     SOLD' src='https:\/\/corinneboureau.nl\/wp-content\/uploads\/2014\/10\/Nid-dherbes-40-x-40-cm-180x180.jpg' width='180' height='180'  title='&quot; Nid d&#039;herbes &quot;      Sold' alt='&quot; Nid d&#039;herbes &quot; Sold' \/><\/a> <a href='https:\/\/corinneboureau.nl\/wp-content\/uploads\/2014\/10\/Les-yeux-dun-autre-40-x-40cm-1030x1024.jpg' data-rel='gallery-1' data-prev-img='https:\/\/corinneboureau.nl\/wp-content\/uploads\/2014\/10\/Les-yeux-dun-autre-40-x-40cm-495x400.jpg' class='lightbox ' data-onclick='5' title='&quot; Les yeux d&#039;un autre &quot;     SOLD'  itemprop=\"thumbnailUrl\" ><img data-avia-tooltip='\u00a0\u00bb Les yeux d&rsquo;un autre \u00a0\u00bb     SOLD' src='https:\/\/corinneboureau.nl\/wp-content\/uploads\/2014\/10\/Les-yeux-dun-autre-40-x-40cm-180x180.jpg' width='180' height='180'  title='&quot; Les yeux d&#039;un autre &quot;     Sold' alt='&quot; Les yeux d&#039;un autre &quot; Sold' \/><\/a> <a href='https:\/\/corinneboureau.nl\/wp-content\/uploads\/2014\/10\/Le\u0301ge\u0300rete\u0301-de-lHe\u0302tre.-de\u0301tailJPG-1030x687.jpg' data-rel='gallery-1' data-prev-img='https:\/\/corinneboureau.nl\/wp-content\/uploads\/2014\/10\/Le\u0301ge\u0300rete\u0301-de-lHe\u0302tre.-de\u0301tailJPG-495x400.jpg' class='first_thumb lightbox ' data-onclick='6' title='l\u00e9g\u00e8ret\u00e9 de l&#039;h\u00eatre'  itemprop=\"thumbnailUrl\" ><img data-avia-tooltip='l\u00e9g\u00e8ret\u00e9 de l&rsquo;h\u00eatre' src='https:\/\/corinneboureau.nl\/wp-content\/uploads\/2014\/10\/Le\u0301ge\u0300rete\u0301-de-lHe\u0302tre.-de\u0301tailJPG-180x180.jpg' width='180' height='180'  title='Le\u0301ge\u0300rete\u0301 de l&#039;He\u0302tre. de\u0301tailJPG' alt='' \/><\/a> <a href='https:\/\/corinneboureau.nl\/wp-content\/uploads\/2014\/10\/Doigter-lenvol-40-x-40-cm-1030x987.jpg' data-rel='gallery-1' data-prev-img='https:\/\/corinneboureau.nl\/wp-content\/uploads\/2014\/10\/Doigter-lenvol-40-x-40-cm-495x400.jpg' class='lightbox ' data-onclick='7' title='Doigter l&#039;envol'  itemprop=\"thumbnailUrl\" ><img data-avia-tooltip='Doigter l&rsquo;envol  ' src='https:\/\/corinneboureau.nl\/wp-content\/uploads\/2014\/10\/Doigter-lenvol-40-x-40-cm-180x180.jpg' width='180' height='180'  title='Doigter l&#039;envol' alt='Doigter l&#039;envol' \/><\/a><\/div><\/div>\n","protected":false},"excerpt":{"rendered":"","protected":false},"author":3,"featured_media":0,"parent":0,"menu_order":0,"comment_status":"open","ping_status":"open","template":"","meta":{"_exactmetrics_skip_tracking":false,"_exactmetrics_sitenote_active":false,"_exactmetrics_sitenote_note":"","_exactmetrics_sitenote_category":0,"footnotes":""},"class_list":["post-161","page","type-page","status-publish","hentry"],"yoast_head":"<!-- This site is optimized with the Yoast SEO plugin v27.3 - https:\/\/yoast.com\/product\/yoast-seo-wordpress\/ -->\n<title>Galerie - Corinne Boureau<\/title>\n<meta name=\"robots\" content=\"index, follow, max-snippet:-1, max-image-preview:large, max-video-preview:-1\" \/>\n<link rel=\"canonical\" href=\"https:\/\/corinneboureau.nl\/fr\/galerie\/\" \/>\n<meta property=\"og:locale\" content=\"fr_FR\" \/>\n<meta property=\"og:type\" content=\"article\" \/>\n<meta property=\"og:title\" content=\"Galerie - Corinne Boureau\" \/>\n<meta property=\"og:url\" content=\"https:\/\/corinneboureau.nl\/fr\/galerie\/\" \/>\n<meta property=\"og:site_name\" content=\"Corinne Boureau\" \/>\n<meta property=\"article:modified_time\" content=\"2015-07-27T10:30:35+00:00\" \/>\n<script type=\"application\/ld+json\" class=\"yoast-schema-graph\">{\"@context\":\"https:\\\/\\\/schema.org\",\"@graph\":[{\"@type\":\"WebPage\",\"@id\":\"https:\\\/\\\/corinneboureau.nl\\\/fr\\\/galerie\\\/\",\"url\":\"https:\\\/\\\/corinneboureau.nl\\\/fr\\\/galerie\\\/\",\"name\":\"Galerie - Corinne Boureau\",\"isPartOf\":{\"@id\":\"https:\\\/\\\/corinneboureau.nl\\\/#website\"},\"datePublished\":\"2014-09-30T18:12:02+00:00\",\"dateModified\":\"2015-07-27T10:30:35+00:00\",\"breadcrumb\":{\"@id\":\"https:\\\/\\\/corinneboureau.nl\\\/fr\\\/galerie\\\/#breadcrumb\"},\"inLanguage\":\"fr-FR\",\"potentialAction\":[{\"@type\":\"ReadAction\",\"target\":[\"https:\\\/\\\/corinneboureau.nl\\\/fr\\\/galerie\\\/\"]}]},{\"@type\":\"BreadcrumbList\",\"@id\":\"https:\\\/\\\/corinneboureau.nl\\\/fr\\\/galerie\\\/#breadcrumb\",\"itemListElement\":[{\"@type\":\"ListItem\",\"position\":1,\"name\":\"Home\",\"item\":\"https:\\\/\\\/corinneboureau.nl\\\/fr\\\/\"},{\"@type\":\"ListItem\",\"position\":2,\"name\":\"Galerie\"}]},{\"@type\":\"WebSite\",\"@id\":\"https:\\\/\\\/corinneboureau.nl\\\/#website\",\"url\":\"https:\\\/\\\/corinneboureau.nl\\\/\",\"name\":\"Corinne Boureau\",\"description\":\"\",\"potentialAction\":[{\"@type\":\"SearchAction\",\"target\":{\"@type\":\"EntryPoint\",\"urlTemplate\":\"https:\\\/\\\/corinneboureau.nl\\\/?s={search_term_string}\"},\"query-input\":{\"@type\":\"PropertyValueSpecification\",\"valueRequired\":true,\"valueName\":\"search_term_string\"}}],\"inLanguage\":\"fr-FR\"}]}<\/script>\n<!-- \/ Yoast SEO plugin. -->","yoast_head_json":{"title":"Galerie - Corinne Boureau","robots":{"index":"index","follow":"follow","max-snippet":"max-snippet:-1","max-image-preview":"max-image-preview:large","max-video-preview":"max-video-preview:-1"},"canonical":"https:\/\/corinneboureau.nl\/fr\/galerie\/","og_locale":"fr_FR","og_type":"article","og_title":"Galerie - Corinne Boureau","og_url":"https:\/\/corinneboureau.nl\/fr\/galerie\/","og_site_name":"Corinne Boureau","article_modified_time":"2015-07-27T10:30:35+00:00","schema":{"@context":"https:\/\/schema.org","@graph":[{"@type":"WebPage","@id":"https:\/\/corinneboureau.nl\/fr\/galerie\/","url":"https:\/\/corinneboureau.nl\/fr\/galerie\/","name":"Galerie - Corinne Boureau","isPartOf":{"@id":"https:\/\/corinneboureau.nl\/#website"},"datePublished":"2014-09-30T18:12:02+00:00","dateModified":"2015-07-27T10:30:35+00:00","breadcrumb":{"@id":"https:\/\/corinneboureau.nl\/fr\/galerie\/#breadcrumb"},"inLanguage":"fr-FR","potentialAction":[{"@type":"ReadAction","target":["https:\/\/corinneboureau.nl\/fr\/galerie\/"]}]},{"@type":"BreadcrumbList","@id":"https:\/\/corinneboureau.nl\/fr\/galerie\/#breadcrumb","itemListElement":[{"@type":"ListItem","position":1,"name":"Home","item":"https:\/\/corinneboureau.nl\/fr\/"},{"@type":"ListItem","position":2,"name":"Galerie"}]},{"@type":"WebSite","@id":"https:\/\/corinneboureau.nl\/#website","url":"https:\/\/corinneboureau.nl\/","name":"Corinne Boureau","description":"","potentialAction":[{"@type":"SearchAction","target":{"@type":"EntryPoint","urlTemplate":"https:\/\/corinneboureau.nl\/?s={search_term_string}"},"query-input":{"@type":"PropertyValueSpecification","valueRequired":true,"valueName":"search_term_string"}}],"inLanguage":"fr-FR"}]}},"_links":{"self":[{"href":"https:\/\/corinneboureau.nl\/fr\/wp-json\/wp\/v2\/pages\/161","targetHints":{"allow":["GET"]}}],"collection":[{"href":"https:\/\/corinneboureau.nl\/fr\/wp-json\/wp\/v2\/pages"}],"about":[{"href":"https:\/\/corinneboureau.nl\/fr\/wp-json\/wp\/v2\/types\/page"}],"author":[{"embeddable":true,"href":"https:\/\/corinneboureau.nl\/fr\/wp-json\/wp\/v2\/users\/3"}],"replies":[{"embeddable":true,"href":"https:\/\/corinneboureau.nl\/fr\/wp-json\/wp\/v2\/comments?post=161"}],"version-history":[{"count":5,"href":"https:\/\/corinneboureau.nl\/fr\/wp-json\/wp\/v2\/pages\/161\/revisions"}],"predecessor-version":[{"id":799,"href":"https:\/\/corinneboureau.nl\/fr\/wp-json\/wp\/v2\/pages\/161\/revisions\/799"}],"wp:attachment":[{"href":"https:\/\/corinneboureau.nl\/fr\/wp-json\/wp\/v2\/media?parent=161"}],"curies":[{"name":"wp","href":"https:\/\/api.w.org\/{rel}","templated":true}]}}