{"id":163,"date":"2014-09-30T19:12:39","date_gmt":"2014-09-30T18:12:39","guid":{"rendered":"http:\/\/corinneboureau.nl.server18.firstfind.nl\/?page_id=163"},"modified":"2021-01-11T13:21:28","modified_gmt":"2021-01-11T12:21:28","slug":"contact","status":"publish","type":"page","link":"https:\/\/corinneboureau.nl\/fr\/contact\/","title":{"rendered":"Contact"},"content":{"rendered":"<article class=\"iconbox iconbox_left    avia-builder-el-0  el_before_av_contact  avia-builder-el-first  \"  itemscope=\"itemscope\" itemtype=\"https:\/\/schema.org\/CreativeWork\" ><div class=\"iconbox_content\"><header class=\"entry-content-header\"><div class=\"iconbox_icon heading-color \" aria-hidden='true' data-av_icon='\ue854' data-av_iconfont='entypo-fontello'  ><\/div><h3 class='iconbox_content_title '  itemprop=\"headline\"  >Num\u00e9ro de t\u00e9l\u00e9phone<\/h3><\/header><div class='iconbox_content_container  '  itemprop=\"text\"  ><p>Vous pouvez me joindre au num\u00e9ro\u00a0suivant: +33 (0)298607350.<\/p>\n<\/div><\/div><footer class=\"entry-footer\"><\/footer><\/article>\n<form action=\"https:\/\/corinneboureau.nl\/fr\/contact\/\" method=\"post\"  class=\"avia_ajax_form av-form-labels-visible   avia-builder-el-1  el_after_av_icon_box  avia-builder-el-last   \" data-avia-form-id=\"1\" data-avia-redirect=''><fieldset><h3>vous pouvez \u00e9galement me contacter en utilisant le formulaire ci-dessous<\/h3><p class=' first_form  form_element form_fullwidth' id='element_avia_1_1'><label for=\"avia_1_1\">nom <abbr class=\"required\" title=\"requis\">*<\/abbr><\/label> <input name=\"avia_1_1\" class=\"text_input is_empty\" type=\"text\" id=\"avia_1_1\" value=\"\" \/><\/p><p class=' first_form  form_element form_fullwidth' id='element_avia_2_1'><label for=\"avia_2_1\">E-Mail <abbr class=\"required\" title=\"requis\">*<\/abbr><\/label> <input name=\"avia_2_1\" class=\"text_input is_email\" type=\"text\" id=\"avia_2_1\" value=\"\" \/><\/p><p class=' first_form  form_element form_fullwidth' id='element_avia_3_1'><label for=\"avia_3_1\">sujet <abbr class=\"required\" title=\"requis\">*<\/abbr><\/label> <input name=\"avia_3_1\" class=\"text_input is_empty\" type=\"text\" id=\"avia_3_1\" value=\"\" \/><\/p><p class=' first_form  form_element form_fullwidth av-last-visible-form-element' id='element_avia_4_1'>\t <label for=\"avia_4_1\" class=\"textare_label hidden textare_label_avia_4_1\">message <abbr class=\"required\" title=\"requis\">*<\/abbr><\/label>\t <textarea  name=\"avia_4_1\" class=\"text_area is_empty\" cols=\"40\" rows=\"7\" id=\"avia_4_1\" ><\/textarea><\/p><p class=\"hidden\"><input type=\"text\" name=\"avia_5_1\" class=\"hidden \" id=\"avia_5_1\" value=\"\" \/><\/p><p class=\"form_element \"><input type=\"hidden\" value=\"1\" name=\"avia_generated_form1\" \/><input type=\"submit\" value=\"envoyez\" class=\"button\"  data-sending-label=\"Envoi\"\/><\/p><\/fieldset><\/form><div id=\"ajaxresponse_1\" class=\"ajaxresponse ajaxresponse_1 hidden\"><\/div>\n","protected":false},"excerpt":{"rendered":"","protected":false},"author":3,"featured_media":0,"parent":0,"menu_order":0,"comment_status":"open","ping_status":"open","template":"","meta":{"_exactmetrics_skip_tracking":false,"_exactmetrics_sitenote_active":false,"_exactmetrics_sitenote_note":"","_exactmetrics_sitenote_category":0,"footnotes":""},"class_list":["post-163","page","type-page","status-publish","hentry"],"yoast_head":"<!-- This site is optimized with the Yoast SEO plugin v27.3 - https:\/\/yoast.com\/product\/yoast-seo-wordpress\/ -->\n<title>Contact - Corinne Boureau<\/title>\n<meta name=\"robots\" content=\"index, follow, max-snippet:-1, max-image-preview:large, max-video-preview:-1\" \/>\n<link rel=\"canonical\" href=\"https:\/\/corinneboureau.nl\/fr\/contact\/\" \/>\n<meta property=\"og:locale\" content=\"fr_FR\" \/>\n<meta property=\"og:type\" content=\"article\" \/>\n<meta property=\"og:title\" content=\"Contact - Corinne Boureau\" \/>\n<meta property=\"og:url\" content=\"https:\/\/corinneboureau.nl\/fr\/contact\/\" \/>\n<meta property=\"og:site_name\" content=\"Corinne Boureau\" \/>\n<meta property=\"article:modified_time\" content=\"2021-01-11T12:21:28+00:00\" \/>\n<meta name=\"twitter:label1\" content=\"Dur\u00e9e de lecture estim\u00e9e\" \/>\n\t<meta name=\"twitter:data1\" content=\"1 minute\" \/>\n<script type=\"application\/ld+json\" class=\"yoast-schema-graph\">{\"@context\":\"https:\\\/\\\/schema.org\",\"@graph\":[{\"@type\":\"WebPage\",\"@id\":\"https:\\\/\\\/corinneboureau.nl\\\/fr\\\/contact\\\/\",\"url\":\"https:\\\/\\\/corinneboureau.nl\\\/fr\\\/contact\\\/\",\"name\":\"Contact - Corinne Boureau\",\"isPartOf\":{\"@id\":\"https:\\\/\\\/corinneboureau.nl\\\/#website\"},\"datePublished\":\"2014-09-30T18:12:39+00:00\",\"dateModified\":\"2021-01-11T12:21:28+00:00\",\"breadcrumb\":{\"@id\":\"https:\\\/\\\/corinneboureau.nl\\\/fr\\\/contact\\\/#breadcrumb\"},\"inLanguage\":\"fr-FR\",\"potentialAction\":[{\"@type\":\"ReadAction\",\"target\":[\"https:\\\/\\\/corinneboureau.nl\\\/fr\\\/contact\\\/\"]}]},{\"@type\":\"BreadcrumbList\",\"@id\":\"https:\\\/\\\/corinneboureau.nl\\\/fr\\\/contact\\\/#breadcrumb\",\"itemListElement\":[{\"@type\":\"ListItem\",\"position\":1,\"name\":\"Home\",\"item\":\"https:\\\/\\\/corinneboureau.nl\\\/fr\\\/\"},{\"@type\":\"ListItem\",\"position\":2,\"name\":\"Contact\"}]},{\"@type\":\"WebSite\",\"@id\":\"https:\\\/\\\/corinneboureau.nl\\\/#website\",\"url\":\"https:\\\/\\\/corinneboureau.nl\\\/\",\"name\":\"Corinne Boureau\",\"description\":\"\",\"potentialAction\":[{\"@type\":\"SearchAction\",\"target\":{\"@type\":\"EntryPoint\",\"urlTemplate\":\"https:\\\/\\\/corinneboureau.nl\\\/?s={search_term_string}\"},\"query-input\":{\"@type\":\"PropertyValueSpecification\",\"valueRequired\":true,\"valueName\":\"search_term_string\"}}],\"inLanguage\":\"fr-FR\"}]}<\/script>\n<!-- \/ Yoast SEO plugin. -->","yoast_head_json":{"title":"Contact - Corinne Boureau","robots":{"index":"index","follow":"follow","max-snippet":"max-snippet:-1","max-image-preview":"max-image-preview:large","max-video-preview":"max-video-preview:-1"},"canonical":"https:\/\/corinneboureau.nl\/fr\/contact\/","og_locale":"fr_FR","og_type":"article","og_title":"Contact - Corinne Boureau","og_url":"https:\/\/corinneboureau.nl\/fr\/contact\/","og_site_name":"Corinne Boureau","article_modified_time":"2021-01-11T12:21:28+00:00","twitter_misc":{"Dur\u00e9e de lecture estim\u00e9e":"1 minute"},"schema":{"@context":"https:\/\/schema.org","@graph":[{"@type":"WebPage","@id":"https:\/\/corinneboureau.nl\/fr\/contact\/","url":"https:\/\/corinneboureau.nl\/fr\/contact\/","name":"Contact - Corinne Boureau","isPartOf":{"@id":"https:\/\/corinneboureau.nl\/#website"},"datePublished":"2014-09-30T18:12:39+00:00","dateModified":"2021-01-11T12:21:28+00:00","breadcrumb":{"@id":"https:\/\/corinneboureau.nl\/fr\/contact\/#breadcrumb"},"inLanguage":"fr-FR","potentialAction":[{"@type":"ReadAction","target":["https:\/\/corinneboureau.nl\/fr\/contact\/"]}]},{"@type":"BreadcrumbList","@id":"https:\/\/corinneboureau.nl\/fr\/contact\/#breadcrumb","itemListElement":[{"@type":"ListItem","position":1,"name":"Home","item":"https:\/\/corinneboureau.nl\/fr\/"},{"@type":"ListItem","position":2,"name":"Contact"}]},{"@type":"WebSite","@id":"https:\/\/corinneboureau.nl\/#website","url":"https:\/\/corinneboureau.nl\/","name":"Corinne Boureau","description":"","potentialAction":[{"@type":"SearchAction","target":{"@type":"EntryPoint","urlTemplate":"https:\/\/corinneboureau.nl\/?s={search_term_string}"},"query-input":{"@type":"PropertyValueSpecification","valueRequired":true,"valueName":"search_term_string"}}],"inLanguage":"fr-FR"}]}},"_links":{"self":[{"href":"https:\/\/corinneboureau.nl\/fr\/wp-json\/wp\/v2\/pages\/163","targetHints":{"allow":["GET"]}}],"collection":[{"href":"https:\/\/corinneboureau.nl\/fr\/wp-json\/wp\/v2\/pages"}],"about":[{"href":"https:\/\/corinneboureau.nl\/fr\/wp-json\/wp\/v2\/types\/page"}],"author":[{"embeddable":true,"href":"https:\/\/corinneboureau.nl\/fr\/wp-json\/wp\/v2\/users\/3"}],"replies":[{"embeddable":true,"href":"https:\/\/corinneboureau.nl\/fr\/wp-json\/wp\/v2\/comments?post=163"}],"version-history":[{"count":11,"href":"https:\/\/corinneboureau.nl\/fr\/wp-json\/wp\/v2\/pages\/163\/revisions"}],"predecessor-version":[{"id":1663,"href":"https:\/\/corinneboureau.nl\/fr\/wp-json\/wp\/v2\/pages\/163\/revisions\/1663"}],"wp:attachment":[{"href":"https:\/\/corinneboureau.nl\/fr\/wp-json\/wp\/v2\/media?parent=163"}],"curies":[{"name":"wp","href":"https:\/\/api.w.org\/{rel}","templated":true}]}}