{"id":534,"date":"2014-10-09T19:49:04","date_gmt":"2014-10-09T18:49:04","guid":{"rendered":"http:\/\/corinneboureau.nl.server18.firstfind.nl\/beelden-2\/"},"modified":"2015-07-27T18:45:15","modified_gmt":"2015-07-27T17:45:15","slug":"beelden","status":"publish","type":"page","link":"https:\/\/corinneboureau.nl\/fr\/beelden\/","title":{"rendered":"Statues"},"content":{"rendered":"<div class='avia-gallery  avia-gallery-1 deactivate_avia_lazyload avia-gallery-animate avia_animate_when_visible  avia-builder-el-0  avia-builder-el-no-sibling '  itemprop=\"image\" itemscope=\"itemscope\" itemtype=\"https:\/\/schema.org\/ImageObject\" ><div class='avia-gallery-thumb'> <a href='https:\/\/corinneboureau.nl\/wp-content\/uploads\/2014\/10\/beeld-1-687x1030.jpg' data-rel='gallery-1' data-prev-img='https:\/\/corinneboureau.nl\/wp-content\/uploads\/2014\/10\/beeld-1-495x400.jpg' class='first_thumb lightbox ' data-onclick='1' title=''  itemprop=\"thumbnailUrl\" ><img  src='https:\/\/corinneboureau.nl\/wp-content\/uploads\/2014\/10\/beeld-1-180x180.jpg' width='180' height='180'  title='beeld 1' alt='' \/><\/a> <a href='https:\/\/corinneboureau.nl\/wp-content\/uploads\/2014\/09\/D\u00e9esse-de-la-rivi\u00e8re-front.jpeg' data-rel='gallery-1' data-prev-img='https:\/\/corinneboureau.nl\/wp-content\/uploads\/2014\/09\/D\u00e9esse-de-la-rivi\u00e8re-front-450x400.jpeg' class='lightbox ' data-onclick='2' title=''  itemprop=\"thumbnailUrl\" ><img  src='https:\/\/corinneboureau.nl\/wp-content\/uploads\/2014\/09\/D\u00e9esse-de-la-rivi\u00e8re-front-180x180.jpeg' width='180' height='180'  title='D\u00e9esse de la rivi\u00e8re front' alt='' \/><\/a> <a href='https:\/\/corinneboureau.nl\/wp-content\/uploads\/2014\/09\/IMG_9967.jpeg' data-rel='gallery-1' data-prev-img='https:\/\/corinneboureau.nl\/wp-content\/uploads\/2014\/09\/IMG_9967-495x400.jpeg' class='lightbox ' data-onclick='3' title=''  itemprop=\"thumbnailUrl\" ><img  src='https:\/\/corinneboureau.nl\/wp-content\/uploads\/2014\/09\/IMG_9967-180x180.jpeg' width='180' height='180'  title='IMG_9967' alt='' \/><\/a> <a href='https:\/\/corinneboureau.nl\/wp-content\/uploads\/2014\/09\/IMG_9951.jpeg' data-rel='gallery-1' data-prev-img='https:\/\/corinneboureau.nl\/wp-content\/uploads\/2014\/09\/IMG_9951-495x400.jpeg' class='first_thumb lightbox ' data-onclick='4' title=''  itemprop=\"thumbnailUrl\" ><img  src='https:\/\/corinneboureau.nl\/wp-content\/uploads\/2014\/09\/IMG_9951-180x180.jpeg' width='180' height='180'  title='IMG_9951' alt='' \/><\/a> <a href='https:\/\/corinneboureau.nl\/wp-content\/uploads\/2014\/09\/IMG_9944.jpeg' data-rel='gallery-1' data-prev-img='https:\/\/corinneboureau.nl\/wp-content\/uploads\/2014\/09\/IMG_9944-427x400.jpeg' class='lightbox ' data-onclick='5' title=''  itemprop=\"thumbnailUrl\" ><img  src='https:\/\/corinneboureau.nl\/wp-content\/uploads\/2014\/09\/IMG_9944-180x180.jpeg' width='180' height='180'  title='IMG_9944' alt='' \/><\/a> <a href='https:\/\/corinneboureau.nl\/wp-content\/uploads\/2014\/09\/IMG_9934.jpeg' data-rel='gallery-1' data-prev-img='https:\/\/corinneboureau.nl\/wp-content\/uploads\/2014\/09\/IMG_9934-427x400.jpeg' class='lightbox ' data-onclick='6' title=''  itemprop=\"thumbnailUrl\" ><img  src='https:\/\/corinneboureau.nl\/wp-content\/uploads\/2014\/09\/IMG_9934-180x180.jpeg' width='180' height='180'  title='IMG_9934' alt='' \/><\/a> <a href='https:\/\/corinneboureau.nl\/wp-content\/uploads\/2014\/09\/IMG_6796.jpeg' data-rel='gallery-1' data-prev-img='https:\/\/corinneboureau.nl\/wp-content\/uploads\/2014\/09\/IMG_6796-427x400.jpeg' class='first_thumb lightbox ' data-onclick='7' title=''  itemprop=\"thumbnailUrl\" ><img  src='https:\/\/corinneboureau.nl\/wp-content\/uploads\/2014\/09\/IMG_6796-180x180.jpeg' width='180' height='180'  title='IMG_6796' alt='' \/><\/a> <a href='https:\/\/corinneboureau.nl\/wp-content\/uploads\/2014\/09\/IMG_0166.jpeg' data-rel='gallery-1' data-prev-img='https:\/\/corinneboureau.nl\/wp-content\/uploads\/2014\/09\/IMG_0166-495x400.jpeg' class='lightbox ' data-onclick='8' title=''  itemprop=\"thumbnailUrl\" ><img  src='https:\/\/corinneboureau.nl\/wp-content\/uploads\/2014\/09\/IMG_0166-180x180.jpeg' width='180' height='180'  title='IMG_0166' alt='' \/><\/a> <a href='https:\/\/corinneboureau.nl\/wp-content\/uploads\/2014\/09\/herbes-folles.jpeg' data-rel='gallery-1' data-prev-img='https:\/\/corinneboureau.nl\/wp-content\/uploads\/2014\/09\/herbes-folles-480x400.jpeg' class='lightbox ' data-onclick='9' title=''  itemprop=\"thumbnailUrl\" ><img  src='https:\/\/corinneboureau.nl\/wp-content\/uploads\/2014\/09\/herbes-folles-180x180.jpeg' width='180' height='180'  title='herbes folles' alt='' \/><\/a> <a href='https:\/\/corinneboureau.nl\/wp-content\/uploads\/2014\/09\/Coiffe-descargots-2.jpeg' data-rel='gallery-1' data-prev-img='https:\/\/corinneboureau.nl\/wp-content\/uploads\/2014\/09\/Coiffe-descargots-2-427x400.jpeg' class='first_thumb lightbox ' data-onclick='10' title=''  itemprop=\"thumbnailUrl\" ><img  src='https:\/\/corinneboureau.nl\/wp-content\/uploads\/2014\/09\/Coiffe-descargots-2-180x180.jpeg' width='180' height='180'  title='Coiffe d&#039;escargots 2' alt='' \/><\/a> <a href='https:\/\/corinneboureau.nl\/wp-content\/uploads\/2014\/09\/IMG_51321.jpeg' data-rel='gallery-1' data-prev-img='https:\/\/corinneboureau.nl\/wp-content\/uploads\/2014\/09\/IMG_51321-427x400.jpeg' class='lightbox ' data-onclick='11' title=''  itemprop=\"thumbnailUrl\" ><img  src='https:\/\/corinneboureau.nl\/wp-content\/uploads\/2014\/09\/IMG_51321-180x180.jpeg' width='180' height='180'  title='IMG_5132' alt='' \/><\/a><\/div><\/div>\n","protected":false},"excerpt":{"rendered":"","protected":false},"author":3,"featured_media":0,"parent":0,"menu_order":0,"comment_status":"closed","ping_status":"open","template":"","meta":{"_exactmetrics_skip_tracking":false,"_exactmetrics_sitenote_active":false,"_exactmetrics_sitenote_note":"","_exactmetrics_sitenote_category":0,"footnotes":""},"class_list":["post-534","page","type-page","status-publish","hentry"],"yoast_head":"<!-- This site is optimized with the Yoast SEO plugin v27.3 - https:\/\/yoast.com\/product\/yoast-seo-wordpress\/ -->\n<title>Statues - Corinne Boureau<\/title>\n<meta name=\"robots\" content=\"index, follow, max-snippet:-1, max-image-preview:large, max-video-preview:-1\" \/>\n<link rel=\"canonical\" href=\"https:\/\/corinneboureau.nl\/fr\/beelden\/\" \/>\n<meta property=\"og:locale\" content=\"fr_FR\" \/>\n<meta property=\"og:type\" content=\"article\" \/>\n<meta property=\"og:title\" content=\"Statues - Corinne Boureau\" \/>\n<meta property=\"og:url\" content=\"https:\/\/corinneboureau.nl\/fr\/beelden\/\" \/>\n<meta property=\"og:site_name\" content=\"Corinne Boureau\" \/>\n<meta property=\"article:modified_time\" content=\"2015-07-27T17:45:15+00:00\" \/>\n<script type=\"application\/ld+json\" class=\"yoast-schema-graph\">{\"@context\":\"https:\\\/\\\/schema.org\",\"@graph\":[{\"@type\":\"WebPage\",\"@id\":\"https:\\\/\\\/corinneboureau.nl\\\/fr\\\/beelden\\\/\",\"url\":\"https:\\\/\\\/corinneboureau.nl\\\/fr\\\/beelden\\\/\",\"name\":\"Statues - Corinne Boureau\",\"isPartOf\":{\"@id\":\"https:\\\/\\\/corinneboureau.nl\\\/#website\"},\"datePublished\":\"2014-10-09T18:49:04+00:00\",\"dateModified\":\"2015-07-27T17:45:15+00:00\",\"breadcrumb\":{\"@id\":\"https:\\\/\\\/corinneboureau.nl\\\/fr\\\/beelden\\\/#breadcrumb\"},\"inLanguage\":\"fr-FR\",\"potentialAction\":[{\"@type\":\"ReadAction\",\"target\":[\"https:\\\/\\\/corinneboureau.nl\\\/fr\\\/beelden\\\/\"]}]},{\"@type\":\"BreadcrumbList\",\"@id\":\"https:\\\/\\\/corinneboureau.nl\\\/fr\\\/beelden\\\/#breadcrumb\",\"itemListElement\":[{\"@type\":\"ListItem\",\"position\":1,\"name\":\"Home\",\"item\":\"https:\\\/\\\/corinneboureau.nl\\\/fr\\\/\"},{\"@type\":\"ListItem\",\"position\":2,\"name\":\"Statues\"}]},{\"@type\":\"WebSite\",\"@id\":\"https:\\\/\\\/corinneboureau.nl\\\/#website\",\"url\":\"https:\\\/\\\/corinneboureau.nl\\\/\",\"name\":\"Corinne Boureau\",\"description\":\"\",\"potentialAction\":[{\"@type\":\"SearchAction\",\"target\":{\"@type\":\"EntryPoint\",\"urlTemplate\":\"https:\\\/\\\/corinneboureau.nl\\\/?s={search_term_string}\"},\"query-input\":{\"@type\":\"PropertyValueSpecification\",\"valueRequired\":true,\"valueName\":\"search_term_string\"}}],\"inLanguage\":\"fr-FR\"}]}<\/script>\n<!-- \/ Yoast SEO plugin. -->","yoast_head_json":{"title":"Statues - Corinne Boureau","robots":{"index":"index","follow":"follow","max-snippet":"max-snippet:-1","max-image-preview":"max-image-preview:large","max-video-preview":"max-video-preview:-1"},"canonical":"https:\/\/corinneboureau.nl\/fr\/beelden\/","og_locale":"fr_FR","og_type":"article","og_title":"Statues - Corinne Boureau","og_url":"https:\/\/corinneboureau.nl\/fr\/beelden\/","og_site_name":"Corinne Boureau","article_modified_time":"2015-07-27T17:45:15+00:00","schema":{"@context":"https:\/\/schema.org","@graph":[{"@type":"WebPage","@id":"https:\/\/corinneboureau.nl\/fr\/beelden\/","url":"https:\/\/corinneboureau.nl\/fr\/beelden\/","name":"Statues - Corinne Boureau","isPartOf":{"@id":"https:\/\/corinneboureau.nl\/#website"},"datePublished":"2014-10-09T18:49:04+00:00","dateModified":"2015-07-27T17:45:15+00:00","breadcrumb":{"@id":"https:\/\/corinneboureau.nl\/fr\/beelden\/#breadcrumb"},"inLanguage":"fr-FR","potentialAction":[{"@type":"ReadAction","target":["https:\/\/corinneboureau.nl\/fr\/beelden\/"]}]},{"@type":"BreadcrumbList","@id":"https:\/\/corinneboureau.nl\/fr\/beelden\/#breadcrumb","itemListElement":[{"@type":"ListItem","position":1,"name":"Home","item":"https:\/\/corinneboureau.nl\/fr\/"},{"@type":"ListItem","position":2,"name":"Statues"}]},{"@type":"WebSite","@id":"https:\/\/corinneboureau.nl\/#website","url":"https:\/\/corinneboureau.nl\/","name":"Corinne Boureau","description":"","potentialAction":[{"@type":"SearchAction","target":{"@type":"EntryPoint","urlTemplate":"https:\/\/corinneboureau.nl\/?s={search_term_string}"},"query-input":{"@type":"PropertyValueSpecification","valueRequired":true,"valueName":"search_term_string"}}],"inLanguage":"fr-FR"}]}},"_links":{"self":[{"href":"https:\/\/corinneboureau.nl\/fr\/wp-json\/wp\/v2\/pages\/534","targetHints":{"allow":["GET"]}}],"collection":[{"href":"https:\/\/corinneboureau.nl\/fr\/wp-json\/wp\/v2\/pages"}],"about":[{"href":"https:\/\/corinneboureau.nl\/fr\/wp-json\/wp\/v2\/types\/page"}],"author":[{"embeddable":true,"href":"https:\/\/corinneboureau.nl\/fr\/wp-json\/wp\/v2\/users\/3"}],"replies":[{"embeddable":true,"href":"https:\/\/corinneboureau.nl\/fr\/wp-json\/wp\/v2\/comments?post=534"}],"version-history":[{"count":6,"href":"https:\/\/corinneboureau.nl\/fr\/wp-json\/wp\/v2\/pages\/534\/revisions"}],"predecessor-version":[{"id":814,"href":"https:\/\/corinneboureau.nl\/fr\/wp-json\/wp\/v2\/pages\/534\/revisions\/814"}],"wp:attachment":[{"href":"https:\/\/corinneboureau.nl\/fr\/wp-json\/wp\/v2\/media?parent=534"}],"curies":[{"name":"wp","href":"https:\/\/api.w.org\/{rel}","templated":true}]}}